{"id":1070,"date":"2019-04-06T20:29:43","date_gmt":"2019-04-06T20:29:43","guid":{"rendered":"http:\/\/rolf-tschierschky.de\/?page_id=1070"},"modified":"2019-04-09T15:04:07","modified_gmt":"2019-04-09T15:04:07","slug":"frankfurter-bild-2","status":"publish","type":"page","link":"https:\/\/rolf-tschierschky.de\/en\/frankfurter-bild-2\/","title":{"rendered":"Frankfurt painting"},"content":{"rendered":"<p>This painting is undoubtedly the most important in Rolf Tschierschky\u2019s entire body of work. It is the quintessence of his Frankfurt years as it compresses his memories of the city and serves as a window to the soul of his childhood and adolescence.<br> The number three plays an obvious role in this painting, and in numerical mythology it represents the family. In this Tschierschky work, there are three vertical axes that arrange the painting into three surfaces: On the left is the Dreik\u00f6nigskirche, the Dom (cathedral) is found in the middle, and on the right are three poplar trees on the Main island. Three levels of depth also stagger the painting. The Dreik\u00f6nigskirche takes the foreground, the poplars are in the middle whilst the Dom is in the background.<br><\/p>\n\n\n\n<ul class=\"wp-block-gallery columns-1 is-cropped\"><li class=\"blocks-gallery-item\"><figure><img loading=\"lazy\" width=\"1024\" height=\"738\" src=\"http:\/\/rolf-tschierschky.de\/wp-content\/uploads\/2019\/04\/Frankfurter-Bild-1024x738.jpg\" alt=\"\" data-id=\"1067\" data-link=\"http:\/\/rolf-tschierschky.de\/?attachment_id=1067\" class=\"wp-image-1067\" srcset=\"https:\/\/rolf-tschierschky.de\/wp-content\/uploads\/2019\/04\/Frankfurter-Bild-1024x738.jpg 1024w, https:\/\/rolf-tschierschky.de\/wp-content\/uploads\/2019\/04\/Frankfurter-Bild-300x216.jpg 300w, https:\/\/rolf-tschierschky.de\/wp-content\/uploads\/2019\/04\/Frankfurter-Bild-768x554.jpg 768w\" sizes=\"(max-width: 1024px) 100vw, 1024px\" \/><\/figure><\/li><\/ul>","protected":false},"excerpt":{"rendered":"<p>Dieses Gem\u00e4lde stellt unzweifelhaft das wichtigste in Rolf Tschierschkys Gesamtschaffen dar. Es ist die Quintessenz seiner Zeit in Frankfurt, komprimierte Erinnerung, ein seelisches Fenster auf seine Kindheit und Jugend. Augenf\u00e4llig ist die Zahl Drei, welche in der Zahlenmythologie f\u00fcr die Familie steht. Drei vertikale Achsen gliedern das Bild in drei Fl\u00e4chen: links die Dreik\u00f6nigskirche, in &hellip; <a href=\"https:\/\/rolf-tschierschky.de\/en\/frankfurter-bild-2\/\" class=\"more-link\">Continue reading <span class=\"screen-reader-text\">Frankfurt painting<\/span> <span class=\"meta-nav\">&rarr;<\/span><\/a><\/p>","protected":false},"author":1,"featured_media":0,"parent":0,"menu_order":0,"comment_status":"closed","ping_status":"closed","template":"","meta":[],"_links":{"self":[{"href":"https:\/\/rolf-tschierschky.de\/en\/wp-json\/wp\/v2\/pages\/1070"}],"collection":[{"href":"https:\/\/rolf-tschierschky.de\/en\/wp-json\/wp\/v2\/pages"}],"about":[{"href":"https:\/\/rolf-tschierschky.de\/en\/wp-json\/wp\/v2\/types\/page"}],"author":[{"embeddable":true,"href":"https:\/\/rolf-tschierschky.de\/en\/wp-json\/wp\/v2\/users\/1"}],"replies":[{"embeddable":true,"href":"https:\/\/rolf-tschierschky.de\/en\/wp-json\/wp\/v2\/comments?post=1070"}],"version-history":[{"count":3,"href":"https:\/\/rolf-tschierschky.de\/en\/wp-json\/wp\/v2\/pages\/1070\/revisions"}],"predecessor-version":[{"id":1157,"href":"https:\/\/rolf-tschierschky.de\/en\/wp-json\/wp\/v2\/pages\/1070\/revisions\/1157"}],"wp:attachment":[{"href":"https:\/\/rolf-tschierschky.de\/en\/wp-json\/wp\/v2\/media?parent=1070"}],"curies":[{"name":"wp","href":"https:\/\/api.w.org\/{rel}","templated":true}]}}