{"id":1193,"date":"2019-04-23T13:46:15","date_gmt":"2019-04-23T13:46:15","guid":{"rendered":"http:\/\/rolf-tschierschky.de\/?page_id=1193"},"modified":"2019-04-23T13:51:22","modified_gmt":"2019-04-23T13:51:22","slug":"fantastisches-2","status":"publish","type":"page","link":"https:\/\/rolf-tschierschky.de\/en\/fantastisches-2\/","title":{"rendered":"Fantastical"},"content":{"rendered":"<p>\u201cIndependent paintings\u201d is a good description for these works which comprise the largest single element in Rolf Tschierschky\u2019s body of work and form the core of his artistic expression. This is why here \u2013 and in the <a href=\"https:\/\/rolf-tschierschky.de\/en\/bildband-rolf-tschierschky\/\">book<\/a> \u2013 they receive the broadest presentation.<\/p>\n<p>In order to help make this extensive gallery of fantastical works more user-friendly, the paintings are grouped here according to the decade of their creation.<\/p>\n<ul>\n<li><a href=\"https:\/\/rolf-tschierschky.de\/en\/1943-49\/\">1947-49<\/a><\/li>\n<li><a href=\"https:\/\/rolf-tschierschky.de\/en\/1950-59\/\">1950-59<\/a><\/li>\n<li><a href=\"https:\/\/rolf-tschierschky.de\/en\/1960-69\/\">1960-69<\/a><\/li>\n<li><a href=\"https:\/\/rolf-tschierschky.de\/en\/1970-79\/\">1970-79<\/a><\/li>\n<li><a href=\"https:\/\/rolf-tschierschky.de\/en\/1980-89\/\">1980-89<\/a><\/li>\n<li><a href=\"https:\/\/rolf-tschierschky.de\/en\/1990-99\/\">1990-2004<\/a><\/li>\n<\/ul>","protected":false},"excerpt":{"rendered":"<p>Die sogenannten \u201eFreien Werke\u201c \u2013 wie ich sie bezeichne \u2013 stellen den gr\u00f6\u00dften Teil im Gesamtschaffen von Rolf Tschierschky dar. Es sind Bilder, die ohne Auftrag oder \u00e4u\u00dferen Anlass entstanden sind und die nicht etwas im \u00c4u\u00dferen Wahrnehmbares, etwa eine Landschaft, abbilden, sondern innere Gegebenheiten, Stimmungen, Seelenzust\u00e4nde, Tr\u00e4ume und Visionen. Sie bilden den Kern seines &hellip; <a href=\"https:\/\/rolf-tschierschky.de\/en\/fantastisches-2\/\" class=\"more-link\">Continue reading <span class=\"screen-reader-text\">Fantastical<\/span> <span class=\"meta-nav\">&rarr;<\/span><\/a><\/p>","protected":false},"author":1,"featured_media":0,"parent":0,"menu_order":0,"comment_status":"closed","ping_status":"closed","template":"","meta":[],"_links":{"self":[{"href":"https:\/\/rolf-tschierschky.de\/en\/wp-json\/wp\/v2\/pages\/1193"}],"collection":[{"href":"https:\/\/rolf-tschierschky.de\/en\/wp-json\/wp\/v2\/pages"}],"about":[{"href":"https:\/\/rolf-tschierschky.de\/en\/wp-json\/wp\/v2\/types\/page"}],"author":[{"embeddable":true,"href":"https:\/\/rolf-tschierschky.de\/en\/wp-json\/wp\/v2\/users\/1"}],"replies":[{"embeddable":true,"href":"https:\/\/rolf-tschierschky.de\/en\/wp-json\/wp\/v2\/comments?post=1193"}],"version-history":[{"count":2,"href":"https:\/\/rolf-tschierschky.de\/en\/wp-json\/wp\/v2\/pages\/1193\/revisions"}],"predecessor-version":[{"id":1198,"href":"https:\/\/rolf-tschierschky.de\/en\/wp-json\/wp\/v2\/pages\/1193\/revisions\/1198"}],"wp:attachment":[{"href":"https:\/\/rolf-tschierschky.de\/en\/wp-json\/wp\/v2\/media?parent=1193"}],"curies":[{"name":"wp","href":"https:\/\/api.w.org\/{rel}","templated":true}]}}