{"id":129,"date":"2019-03-16T20:15:06","date_gmt":"2019-03-16T20:15:06","guid":{"rendered":"http:\/\/rolf-tschierschky.de\/?page_id=129"},"modified":"2024-05-01T10:06:26","modified_gmt":"2024-05-01T10:06:26","slug":"rolf-tschierschky","status":"publish","type":"page","link":"https:\/\/rolf-tschierschky.de\/en\/","title":{"rendered":"Rolf Tschierschky"},"content":{"rendered":"<div class=\"wp-block-columns has-2-columns\">\n<div class=\"wp-block-column\">\n<div class=\"wp-block-image\"><figure class=\"aligncenter\"><a href=\"https:\/\/rolf-tschierschky.de\/en\/selbstportraets\/\"><img loading=\"lazy\" width=\"799\" height=\"1024\" src=\"http:\/\/rolf-tschierschky.de\/wp-content\/uploads\/2019\/03\/0623-799x1024.jpg\" alt=\"\" class=\"wp-image-88\" srcset=\"https:\/\/rolf-tschierschky.de\/wp-content\/uploads\/2019\/03\/0623-799x1024.jpg 799w, https:\/\/rolf-tschierschky.de\/wp-content\/uploads\/2019\/03\/0623-234x300.jpg 234w, https:\/\/rolf-tschierschky.de\/wp-content\/uploads\/2019\/03\/0623-768x985.jpg 768w, https:\/\/rolf-tschierschky.de\/wp-content\/uploads\/2019\/03\/0623.jpg 1110w\" sizes=\"(max-width: 799px) 100vw, 799px\" \/><\/a><figcaption>Self-portrait (Frankfurt, 11 Jan 1948)<\/figcaption><\/figure><\/div>\n\n\n\n<ul><li><a href=\"https:\/\/rolf-tschierschky.de\/en\/stile-und-einfluesse\/\">Styles and Influences<\/a><\/li><li><a href=\"https:\/\/rolf-tschierschky.de\/en\/biografische-notizen\/\">Biographical Notes<\/a><\/li><li><a href=\"https:\/\/rolf-tschierschky.de\/en\/bildband-rolf-tschierschky\/\">Art Book of Selected Works<\/a><\/li><li><a href=\"https:\/\/rolf-tschierschky.de\/en\/zeittafel\/\">Chronology<\/a><\/li><li><a href=\"http:\/\/rolf-tschierschky.de\/en\/wp-admin\/post.php\/?post=928&amp;action=edit\">List of Works<\/a><\/li><\/ul>\n<\/div>\n\n\n\n<div class=\"wp-block-column\">\n<p class=\"has-drop-cap\">The artist, set designer and graphic designer Rolf Tschierschky created over 1600 works between 1943 and 2003. These ranged from sketches, studies and still lifes, to landscapes, aquarelles and portraits and on up to the fantastical, at times large format, independent works that display rare colour-intensive and dynamic quality.<br>\nHis works mirror practically every artistic movement of the 20th century, yet they remain largely unfamiliar to the greater public.<\/p>\n<\/div>\n<\/div>\n\n\n<p>His grandson, <a href=\"http:\/\/www.klangsignale.com\">Sven Hinz<\/a> hat in den Jahren 2003 und 2004 s\u00e4mtliche Bilder fotografiert, vermessen und katalogisiert und seinen Gro\u00dfvater zu jedem Bild befragt. Aus dieser Datenbank ging das Buch &#8220;<a href=\"https:\/\/rolf-tschierschky.de\/en\/bildband-rolf-tschierschky\/\">\"Rolf Tschierschky \u2013 A Painter of the Fantastical\"<\/a>&#8221; hervor, das 2015 im Schweizer <a href=\"http:\/\/www.abiszett.de\">AbisZett Verlag<\/a> in 2015.<\/p>\n<p>This homepage includes a large selection from Rolf Tschierschky\u2019s vast body of work that are presented for you here in thematically compiled galleries. You will also find here a complete <a href=\"http:\/\/rolf-tschierschky.de\/en\/wp-admin\/post.php\/?post=928&amp;action=edit\">List of Works<\/a> of his artistic creations.<\/p>\n<h4 style=\"text-align: center;\"><em><strong>Visit the Galleries<\/strong><\/em><\/h4>\n<p style=\"text-align: left;\"><em><a href=\"https:\/\/rolf-tschierschky.de\/en\/selbstportraets\/\">Self Portraits<\/a> \u2022 <a href=\"https:\/\/rolf-tschierschky.de\/en\/familie\/\">Family Paintings<\/a> \u2022 <a href=\"https:\/\/rolf-tschierschky.de\/en\/zeitgenossen\/\">Contemporaries<\/a> \u2022 <a href=\"https:\/\/rolf-tschierschky.de\/en\/karikaturen\/\">Caricatures<\/a><\/em><\/p>\n<p style=\"text-align: left;\"><em><a href=\"https:\/\/rolf-tschierschky.de\/en\/buehnenbilder\/\">Set and Scenery Designs<\/a><\/em><\/p>\n<p style=\"text-align: left;\"><em><a href=\"https:\/\/rolf-tschierschky.de\/en\/landschaften\/\">Landscapes<\/a> \u2022 <a href=\"https:\/\/rolf-tschierschky.de\/en\/stillleben\/\">Still Lifes<\/a> \u2022 <a href=\"https:\/\/rolf-tschierschky.de\/en\/frankfurt\/\">Frankfurt<\/a><\/em><\/p>\n<p style=\"text-align: left;\"><em><a href=\"https:\/\/rolf-tschierschky.de\/en\/fantastisches-2\/\">Fantastical<\/a><\/em> <em> \u2022 <a href=\"https:\/\/rolf-tschierschky.de\/en\/1943-49\/\">1940s<\/a> \u2022\u00a0<a href=\"https:\/\/rolf-tschierschky.de\/en\/1950-59\/\">1950s<\/a> \u2022 <a href=\"https:\/\/rolf-tschierschky.de\/en\/1960-69\/\">1960s<\/a> \u2022 <a href=\"https:\/\/rolf-tschierschky.de\/en\/1970-79\/\">1970s<\/a> \u2022 <a href=\"https:\/\/rolf-tschierschky.de\/en\/1980-89\/\">1980s<\/a> \u2022 <a href=\"https:\/\/rolf-tschierschky.de\/en\/1990-99\/\">1980s \u2013 2004<\/a><\/em><\/p>\n<p style=\"text-align: left;\"><em><a href=\"https:\/\/rolf-tschierschky.de\/en\/werbung-technik-und-plakate\/\">Advertising, Technology, Billboards and Posters<\/a> \u2022 <a href=\"https:\/\/rolf-tschierschky.de\/en\/objekte\/\">Objects and Installations<\/a><\/em><\/p>\n<p style=\"text-align: left;\"><em><a href=\"https:\/\/rolf-tschierschky.de\/en\/religioese-werke-2\/\">Religious Works<\/a><\/em><\/p>\n\n\n<div class=\"wp-block-columns has-2-columns\">\n<div class=\"wp-block-column\"><\/div>\n\n\n\n<div class=\"wp-block-column\"><\/div>\n<\/div>","protected":false},"excerpt":{"rendered":"<p>Stile und Einfl\u00fcsse Biografische Notizen Bildband Zeittafel Werkliste \u00dcber 1.600 Werke hat der K\u00fcnstler, B\u00fchnenbildner und Grafiker Rolf Tschierschky zwischen 1943 und 2003 geschaffen: von Skizzen, Studien und Stillleben \u00fcber Landschaftsbilder, Aquarelle und Portr\u00e4ts bis hin zu fantastischen, teils gro\u00dfformatigen freien Werken von seltener farbintensiver und dynamischer Qualit\u00e4t. Nahezu jede Kunststr\u00f6mung des 20. Jahrhunderts spiegelt &hellip; <a href=\"https:\/\/rolf-tschierschky.de\/en\/\" class=\"more-link\">Continue reading <span class=\"screen-reader-text\">Rolf Tschierschky<\/span> <span class=\"meta-nav\">&rarr;<\/span><\/a><\/p>","protected":false},"author":1,"featured_media":0,"parent":0,"menu_order":0,"comment_status":"closed","ping_status":"closed","template":"","meta":[],"_links":{"self":[{"href":"https:\/\/rolf-tschierschky.de\/en\/wp-json\/wp\/v2\/pages\/129"}],"collection":[{"href":"https:\/\/rolf-tschierschky.de\/en\/wp-json\/wp\/v2\/pages"}],"about":[{"href":"https:\/\/rolf-tschierschky.de\/en\/wp-json\/wp\/v2\/types\/page"}],"author":[{"embeddable":true,"href":"https:\/\/rolf-tschierschky.de\/en\/wp-json\/wp\/v2\/users\/1"}],"replies":[{"embeddable":true,"href":"https:\/\/rolf-tschierschky.de\/en\/wp-json\/wp\/v2\/comments?post=129"}],"version-history":[{"count":36,"href":"https:\/\/rolf-tschierschky.de\/en\/wp-json\/wp\/v2\/pages\/129\/revisions"}],"predecessor-version":[{"id":1276,"href":"https:\/\/rolf-tschierschky.de\/en\/wp-json\/wp\/v2\/pages\/129\/revisions\/1276"}],"wp:attachment":[{"href":"https:\/\/rolf-tschierschky.de\/en\/wp-json\/wp\/v2\/media?parent=129"}],"curies":[{"name":"wp","href":"https:\/\/api.w.org\/{rel}","templated":true}]}}