{"id":353,"date":"2019-03-16T22:54:22","date_gmt":"2019-03-16T22:54:22","guid":{"rendered":"http:\/\/rolf-tschierschky.de\/?page_id=353"},"modified":"2019-04-09T15:08:59","modified_gmt":"2019-04-09T15:08:59","slug":"stillleben","status":"publish","type":"page","link":"https:\/\/rolf-tschierschky.de\/en\/stillleben\/","title":{"rendered":"Still Lifes"},"content":{"rendered":"<p>In his 1952 work<a href=\"http:\/\/rolf-tschierschky.de\/wp-content\/uploads\/2019\/03\/1475.jpg\">Stillleben mit Krug (Still life with a jug)<\/a>he symbolically represented his family in the form of a jug and a plate with two pieces of fruit atop it. The jug represents the mother, which Carl Gustav Jung had already denoted as being an archetypical symbol for the maternal and feminine.<br \/>The two pieces of fruit \u2013 a pear and an apple \u2013 embody Rolf Tschierschky\u2019s siblings. The apple represents his sister Rosemarie, while the pear denotes his brother, G\u00fcnter. His youngest brother, Fredi, is not represented, as he had fallen during the war. Rolf himself appears in the form of the plate. As the fruits\u2019 container, it symbolizes the responsibility he had of keeping the family together after the death of his father.<\/p>\n\n\n<ul class=\"wp-block-gallery columns-2 is-cropped\"><li class=\"blocks-gallery-item\"><figure><a href=\"http:\/\/rolf-tschierschky.de\/wp-content\/uploads\/2019\/03\/0153-1024x715.jpg\"><img loading=\"lazy\" width=\"1024\" height=\"715\" src=\"http:\/\/rolf-tschierschky.de\/wp-content\/uploads\/2019\/03\/0153-1024x715.jpg\" alt=\"\" data-id=\"354\" data-link=\"http:\/\/rolf-tschierschky.de\/?attachment_id=354\" class=\"wp-image-354\" srcset=\"https:\/\/rolf-tschierschky.de\/wp-content\/uploads\/2019\/03\/0153-1024x715.jpg 1024w, https:\/\/rolf-tschierschky.de\/wp-content\/uploads\/2019\/03\/0153-300x210.jpg 300w, https:\/\/rolf-tschierschky.de\/wp-content\/uploads\/2019\/03\/0153-768x536.jpg 768w, https:\/\/rolf-tschierschky.de\/wp-content\/uploads\/2019\/03\/0153.jpg 1320w\" sizes=\"(max-width: 1024px) 100vw, 1024px\" \/><\/a><figcaption>Still Lifes<br>(Frankfurt a. M., 1951)<\/figcaption><\/figure><\/li><li class=\"blocks-gallery-item\"><figure><a href=\"http:\/\/rolf-tschierschky.de\/wp-content\/uploads\/2019\/03\/1475-1024x737.jpg\"><img loading=\"lazy\" width=\"1024\" height=\"737\" src=\"http:\/\/rolf-tschierschky.de\/wp-content\/uploads\/2019\/03\/1475-1024x737.jpg\" alt=\"\" data-id=\"355\" data-link=\"http:\/\/rolf-tschierschky.de\/?attachment_id=355\" class=\"wp-image-355\" srcset=\"https:\/\/rolf-tschierschky.de\/wp-content\/uploads\/2019\/03\/1475-1024x737.jpg 1024w, https:\/\/rolf-tschierschky.de\/wp-content\/uploads\/2019\/03\/1475-300x216.jpg 300w, https:\/\/rolf-tschierschky.de\/wp-content\/uploads\/2019\/03\/1475-768x553.jpg 768w, https:\/\/rolf-tschierschky.de\/wp-content\/uploads\/2019\/03\/1475.jpg 1302w\" sizes=\"(max-width: 1024px) 100vw, 1024px\" \/><\/a><figcaption>Stillleben mit Krug (Still life with a jug)<br>(Frankfurt a. M., 1951)<\/figcaption><\/figure><\/li><\/ul>","protected":false},"excerpt":{"rendered":"<p>Das 1951 entstandene \u201eStillleben mit Krug\u201c zeigt symbolisch Rolf Tschierschkys Familie in Gestalt eines Kruges und eines Tellers, auf dem zwei Fr\u00fcchte liegen. Der Krug repr\u00e4sentiert die Mutter \u2013 bereits bei Carl Gustav Jung ein archetypisches Symbol des M\u00fctterlich-Weiblichen.Die beiden Fr\u00fcchte, eine Birne und ein Apfel, verk\u00f6rpern Rolf Tschierschkys Geschwister, wobei die Birne dem Bruder &hellip; <a href=\"https:\/\/rolf-tschierschky.de\/en\/stillleben\/\" class=\"more-link\">Continue reading <span class=\"screen-reader-text\">Still Lifes<\/span> <span class=\"meta-nav\">&rarr;<\/span><\/a><\/p>","protected":false},"author":1,"featured_media":0,"parent":0,"menu_order":0,"comment_status":"closed","ping_status":"closed","template":"","meta":[],"_links":{"self":[{"href":"https:\/\/rolf-tschierschky.de\/en\/wp-json\/wp\/v2\/pages\/353"}],"collection":[{"href":"https:\/\/rolf-tschierschky.de\/en\/wp-json\/wp\/v2\/pages"}],"about":[{"href":"https:\/\/rolf-tschierschky.de\/en\/wp-json\/wp\/v2\/types\/page"}],"author":[{"embeddable":true,"href":"https:\/\/rolf-tschierschky.de\/en\/wp-json\/wp\/v2\/users\/1"}],"replies":[{"embeddable":true,"href":"https:\/\/rolf-tschierschky.de\/en\/wp-json\/wp\/v2\/comments?post=353"}],"version-history":[{"count":2,"href":"https:\/\/rolf-tschierschky.de\/en\/wp-json\/wp\/v2\/pages\/353\/revisions"}],"predecessor-version":[{"id":1161,"href":"https:\/\/rolf-tschierschky.de\/en\/wp-json\/wp\/v2\/pages\/353\/revisions\/1161"}],"wp:attachment":[{"href":"https:\/\/rolf-tschierschky.de\/en\/wp-json\/wp\/v2\/media?parent=353"}],"curies":[{"name":"wp","href":"https:\/\/api.w.org\/{rel}","templated":true}]}}