{"id":429,"date":"2019-03-17T13:36:14","date_gmt":"2019-03-17T13:36:14","guid":{"rendered":"http:\/\/rolf-tschierschky.de\/?page_id=429"},"modified":"2019-04-09T15:03:21","modified_gmt":"2019-04-09T15:03:21","slug":"frankfurt","status":"publish","type":"page","link":"https:\/\/rolf-tschierschky.de\/en\/frankfurt\/","title":{"rendered":"Frankfurt"},"content":{"rendered":"<p>Rolf Tschierschky created the majority of his artistic works that feature the city of Frankfurt as their motif after his return from war captivity in 1947. Many of these paintings awaken impressions of a still intact city, such as his 1952 aquarelle Mainansicht (View to the Main River). He does not depict the outer reality of a city severely damaged by war, but rather its essence, which is comparable to the artist\u2019s own soul. Although Tschierschky\u2019s had been tormented by his wartime experiences, his inner core remained whole and grounded in his heartfelt Christian beliefs.<\/p>\n<p>A <a href=\"https:\/\/rolf-tschierschky.de\/en\/frankfurter-bild-2\/\">Frankfurt painting<\/a>Tschierschky created in 1951 plays a special role. It depicts a panorama of very different city views and buildings. The artist counted it among his most significant works.<\/p>\n\n\n<ul class=\"wp-block-gallery columns-2 is-cropped\"><li class=\"blocks-gallery-item\"><figure><a href=\"http:\/\/rolf-tschierschky.de\/wp-content\/uploads\/2019\/03\/0720-1024x692.jpg\"><img loading=\"lazy\" width=\"1024\" height=\"692\" src=\"http:\/\/rolf-tschierschky.de\/wp-content\/uploads\/2019\/03\/0720-1024x692.jpg\" alt=\"\" data-id=\"436\" data-link=\"http:\/\/rolf-tschierschky.de\/?attachment_id=436\" class=\"wp-image-436\" srcset=\"https:\/\/rolf-tschierschky.de\/wp-content\/uploads\/2019\/03\/0720-1024x692.jpg 1024w, https:\/\/rolf-tschierschky.de\/wp-content\/uploads\/2019\/03\/0720-300x203.jpg 300w, https:\/\/rolf-tschierschky.de\/wp-content\/uploads\/2019\/03\/0720-768x519.jpg 768w, https:\/\/rolf-tschierschky.de\/wp-content\/uploads\/2019\/03\/0720.jpg 1445w\" sizes=\"(max-width: 1024px) 100vw, 1024px\" \/><\/a><figcaption>Taunusanlage<br>(April 1947)<\/figcaption><\/figure><\/li><li class=\"blocks-gallery-item\"><figure><a href=\"http:\/\/rolf-tschierschky.de\/wp-content\/uploads\/2019\/03\/0163-1024x657.jpg\"><img loading=\"lazy\" width=\"1024\" height=\"657\" src=\"http:\/\/rolf-tschierschky.de\/wp-content\/uploads\/2019\/03\/0163-1024x657.jpg\" alt=\"\" data-id=\"431\" data-link=\"http:\/\/rolf-tschierschky.de\/?attachment_id=431\" class=\"wp-image-431\" srcset=\"https:\/\/rolf-tschierschky.de\/wp-content\/uploads\/2019\/03\/0163-1024x657.jpg 1024w, https:\/\/rolf-tschierschky.de\/wp-content\/uploads\/2019\/03\/0163-300x192.jpg 300w, https:\/\/rolf-tschierschky.de\/wp-content\/uploads\/2019\/03\/0163-768x493.jpg 768w, https:\/\/rolf-tschierschky.de\/wp-content\/uploads\/2019\/03\/0163.jpg 1389w\" sizes=\"(max-width: 1024px) 100vw, 1024px\" \/><\/a><figcaption>Frankfurter Panorama mit Friedensbr\u00fccke<br>(April 1947)<\/figcaption><\/figure><\/li><li class=\"blocks-gallery-item\"><figure><a href=\"http:\/\/rolf-tschierschky.de\/wp-content\/uploads\/2019\/03\/0718-1024x771.jpg\"><img loading=\"lazy\" width=\"1024\" height=\"771\" src=\"http:\/\/rolf-tschierschky.de\/wp-content\/uploads\/2019\/03\/0718-1024x771.jpg\" alt=\"\" data-id=\"432\" data-link=\"http:\/\/rolf-tschierschky.de\/?attachment_id=432\" class=\"wp-image-432\" srcset=\"https:\/\/rolf-tschierschky.de\/wp-content\/uploads\/2019\/03\/0718-1024x771.jpg 1024w, https:\/\/rolf-tschierschky.de\/wp-content\/uploads\/2019\/03\/0718-300x226.jpg 300w, https:\/\/rolf-tschierschky.de\/wp-content\/uploads\/2019\/03\/0718-768x578.jpg 768w, https:\/\/rolf-tschierschky.de\/wp-content\/uploads\/2019\/03\/0718.jpg 1204w\" sizes=\"(max-width: 1024px) 100vw, 1024px\" \/><\/a><figcaption>Dom zu Frankfurt<br>(April 1947)<\/figcaption><\/figure><\/li><li class=\"blocks-gallery-item\"><figure><a href=\"http:\/\/rolf-tschierschky.de\/wp-content\/uploads\/2019\/03\/0154-717x1024.jpg\"><img loading=\"lazy\" width=\"717\" height=\"1024\" src=\"http:\/\/rolf-tschierschky.de\/wp-content\/uploads\/2019\/03\/0154-717x1024.jpg\" alt=\"\" data-id=\"430\" data-link=\"http:\/\/rolf-tschierschky.de\/?attachment_id=430\" class=\"wp-image-430\" srcset=\"https:\/\/rolf-tschierschky.de\/wp-content\/uploads\/2019\/03\/0154-717x1024.jpg 717w, https:\/\/rolf-tschierschky.de\/wp-content\/uploads\/2019\/03\/0154-210x300.jpg 210w, https:\/\/rolf-tschierschky.de\/wp-content\/uploads\/2019\/03\/0154-768x1098.jpg 768w, https:\/\/rolf-tschierschky.de\/wp-content\/uploads\/2019\/03\/0154.jpg 967w\" sizes=\"(max-width: 717px) 100vw, 717px\" \/><\/a><figcaption>H\u00e4userruinen in der Stresemannallee<br>(23. Aug. 1947)<\/figcaption><\/figure><\/li><li class=\"blocks-gallery-item\"><figure><a href=\"http:\/\/rolf-tschierschky.de\/wp-content\/uploads\/2019\/03\/0721-784x1024.jpg\"><img loading=\"lazy\" width=\"784\" height=\"1024\" src=\"http:\/\/rolf-tschierschky.de\/wp-content\/uploads\/2019\/03\/0721-784x1024.jpg\" alt=\"\" data-id=\"437\" data-link=\"http:\/\/rolf-tschierschky.de\/?attachment_id=437\" class=\"wp-image-437\" srcset=\"https:\/\/rolf-tschierschky.de\/wp-content\/uploads\/2019\/03\/0721-784x1024.jpg 784w, https:\/\/rolf-tschierschky.de\/wp-content\/uploads\/2019\/03\/0721-230x300.jpg 230w, https:\/\/rolf-tschierschky.de\/wp-content\/uploads\/2019\/03\/0721-768x1004.jpg 768w, https:\/\/rolf-tschierschky.de\/wp-content\/uploads\/2019\/03\/0721.jpg 1024w\" sizes=\"(max-width: 784px) 100vw, 784px\" \/><\/a><figcaption>Waldweg im Kuhwald von Frankfurt<br>(1948)<\/figcaption><\/figure><\/li><li class=\"blocks-gallery-item\"><figure><a href=\"http:\/\/rolf-tschierschky.de\/wp-content\/uploads\/2019\/03\/0734-1024x720.jpg\"><img loading=\"lazy\" width=\"1024\" height=\"720\" src=\"http:\/\/rolf-tschierschky.de\/wp-content\/uploads\/2019\/03\/0734-1024x720.jpg\" alt=\"\" data-id=\"442\" data-link=\"http:\/\/rolf-tschierschky.de\/?attachment_id=442\" class=\"wp-image-442\" srcset=\"https:\/\/rolf-tschierschky.de\/wp-content\/uploads\/2019\/03\/0734-1024x720.jpg 1024w, https:\/\/rolf-tschierschky.de\/wp-content\/uploads\/2019\/03\/0734-300x211.jpg 300w, https:\/\/rolf-tschierschky.de\/wp-content\/uploads\/2019\/03\/0734-768x540.jpg 768w, https:\/\/rolf-tschierschky.de\/wp-content\/uploads\/2019\/03\/0734.jpg 1426w\" sizes=\"(max-width: 1024px) 100vw, 1024px\" \/><\/a><figcaption>Mainansicht<br>(1948)<\/figcaption><\/figure><\/li><li class=\"blocks-gallery-item\"><figure><a href=\"http:\/\/rolf-tschierschky.de\/wp-content\/uploads\/2019\/03\/0735-1024x677.jpg\"><img loading=\"lazy\" width=\"1024\" height=\"677\" src=\"http:\/\/rolf-tschierschky.de\/wp-content\/uploads\/2019\/03\/0735-1024x677.jpg\" alt=\"\" data-id=\"443\" data-link=\"http:\/\/rolf-tschierschky.de\/?attachment_id=443\" class=\"wp-image-443\" srcset=\"https:\/\/rolf-tschierschky.de\/wp-content\/uploads\/2019\/03\/0735-1024x677.jpg 1024w, https:\/\/rolf-tschierschky.de\/wp-content\/uploads\/2019\/03\/0735-300x198.jpg 300w, https:\/\/rolf-tschierschky.de\/wp-content\/uploads\/2019\/03\/0735-768x508.jpg 768w, https:\/\/rolf-tschierschky.de\/wp-content\/uploads\/2019\/03\/0735.jpg 1431w\" sizes=\"(max-width: 1024px) 100vw, 1024px\" \/><\/a><figcaption>Mainansicht<br>(17. Jan. 1949)<\/figcaption><\/figure><\/li><li class=\"blocks-gallery-item\"><figure><a href=\"http:\/\/rolf-tschierschky.de\/wp-content\/uploads\/2019\/03\/0719a-1024x624.jpg\"><img loading=\"lazy\" width=\"1024\" height=\"624\" src=\"http:\/\/rolf-tschierschky.de\/wp-content\/uploads\/2019\/03\/0719a-1024x624.jpg\" alt=\"\" data-id=\"433\" data-link=\"http:\/\/rolf-tschierschky.de\/?attachment_id=433\" class=\"wp-image-433\" srcset=\"https:\/\/rolf-tschierschky.de\/wp-content\/uploads\/2019\/03\/0719a-1024x624.jpg 1024w, https:\/\/rolf-tschierschky.de\/wp-content\/uploads\/2019\/03\/0719a-300x183.jpg 300w, https:\/\/rolf-tschierschky.de\/wp-content\/uploads\/2019\/03\/0719a-768x468.jpg 768w, https:\/\/rolf-tschierschky.de\/wp-content\/uploads\/2019\/03\/0719a.jpg 1349w\" sizes=\"(max-width: 1024px) 100vw, 1024px\" \/><\/a><figcaption>Frankfurter Skizze I<br>(Nov. 1949)<\/figcaption><\/figure><\/li><li class=\"blocks-gallery-item\"><figure><a href=\"http:\/\/rolf-tschierschky.de\/wp-content\/uploads\/2019\/03\/0719b-1024x667.jpg\"><img loading=\"lazy\" width=\"1024\" height=\"667\" src=\"http:\/\/rolf-tschierschky.de\/wp-content\/uploads\/2019\/03\/0719b-1024x667.jpg\" alt=\"\" data-id=\"434\" data-link=\"http:\/\/rolf-tschierschky.de\/?attachment_id=434\" class=\"wp-image-434\" srcset=\"https:\/\/rolf-tschierschky.de\/wp-content\/uploads\/2019\/03\/0719b-1024x667.jpg 1024w, https:\/\/rolf-tschierschky.de\/wp-content\/uploads\/2019\/03\/0719b-300x195.jpg 300w, https:\/\/rolf-tschierschky.de\/wp-content\/uploads\/2019\/03\/0719b-768x500.jpg 768w, https:\/\/rolf-tschierschky.de\/wp-content\/uploads\/2019\/03\/0719b.jpg 1422w\" sizes=\"(max-width: 1024px) 100vw, 1024px\" \/><\/a><figcaption>Frankfurter Skizze II<br>(Nov. 1949)<\/figcaption><\/figure><\/li><li class=\"blocks-gallery-item\"><figure><a href=\"http:\/\/rolf-tschierschky.de\/wp-content\/uploads\/2019\/03\/0719c-1024x659.jpg\"><img loading=\"lazy\" width=\"1024\" height=\"659\" src=\"http:\/\/rolf-tschierschky.de\/wp-content\/uploads\/2019\/03\/0719c-1024x659.jpg\" alt=\"\" data-id=\"435\" data-link=\"http:\/\/rolf-tschierschky.de\/?attachment_id=435\" class=\"wp-image-435\" srcset=\"https:\/\/rolf-tschierschky.de\/wp-content\/uploads\/2019\/03\/0719c-1024x659.jpg 1024w, https:\/\/rolf-tschierschky.de\/wp-content\/uploads\/2019\/03\/0719c-300x193.jpg 300w, https:\/\/rolf-tschierschky.de\/wp-content\/uploads\/2019\/03\/0719c-768x495.jpg 768w, https:\/\/rolf-tschierschky.de\/wp-content\/uploads\/2019\/03\/0719c.jpg 1396w\" sizes=\"(max-width: 1024px) 100vw, 1024px\" \/><\/a><figcaption>Frankfurter Skizze III<br>(Nov. 1949)<\/figcaption><\/figure><\/li><li class=\"blocks-gallery-item\"><figure><a href=\"http:\/\/rolf-tschierschky.de\/wp-content\/uploads\/2019\/03\/0722f-1004x1024.jpg\"><img loading=\"lazy\" width=\"1004\" height=\"1024\" src=\"http:\/\/rolf-tschierschky.de\/wp-content\/uploads\/2019\/03\/0722f-1004x1024.jpg\" alt=\"\" data-id=\"438\" data-link=\"http:\/\/rolf-tschierschky.de\/?attachment_id=438\" class=\"wp-image-438\" srcset=\"https:\/\/rolf-tschierschky.de\/wp-content\/uploads\/2019\/03\/0722f-1004x1024.jpg 1004w, https:\/\/rolf-tschierschky.de\/wp-content\/uploads\/2019\/03\/0722f-294x300.jpg 294w, https:\/\/rolf-tschierschky.de\/wp-content\/uploads\/2019\/03\/0722f-768x783.jpg 768w, https:\/\/rolf-tschierschky.de\/wp-content\/uploads\/2019\/03\/0722f.jpg 1250w\" sizes=\"(max-width: 1004px) 100vw, 1004px\" \/><\/a><figcaption>Skizze f\u00fcr \u201eFrankfurter Bild\u201c<br>(1950\/51)<\/figcaption><\/figure><\/li><li class=\"blocks-gallery-item\"><figure><a href=\"http:\/\/rolf-tschierschky.de\/wp-content\/uploads\/2019\/03\/1203-1024x737.jpg\"><img loading=\"lazy\" width=\"1024\" height=\"737\" src=\"http:\/\/rolf-tschierschky.de\/wp-content\/uploads\/2019\/03\/1203-1024x737.jpg\" alt=\"\" data-id=\"445\" data-link=\"http:\/\/rolf-tschierschky.de\/?attachment_id=445\" class=\"wp-image-445\" srcset=\"https:\/\/rolf-tschierschky.de\/wp-content\/uploads\/2019\/03\/1203-1024x737.jpg 1024w, https:\/\/rolf-tschierschky.de\/wp-content\/uploads\/2019\/03\/1203-300x216.jpg 300w, https:\/\/rolf-tschierschky.de\/wp-content\/uploads\/2019\/03\/1203-768x552.jpg 768w, https:\/\/rolf-tschierschky.de\/wp-content\/uploads\/2019\/03\/1203.jpg 1411w\" sizes=\"(max-width: 1024px) 100vw, 1024px\" \/><\/a><figcaption>Alte Br\u00fccke in Frankfurt<br>(ca. 1950)<\/figcaption><\/figure><\/li><li class=\"blocks-gallery-item\"><figure><a href=\"http:\/\/rolf-tschierschky.de\/wp-content\/uploads\/2019\/03\/0733-1024x706.jpg\"><img loading=\"lazy\" width=\"1024\" height=\"706\" src=\"http:\/\/rolf-tschierschky.de\/wp-content\/uploads\/2019\/03\/0733-1024x706.jpg\" alt=\"\" data-id=\"441\" data-link=\"http:\/\/rolf-tschierschky.de\/?attachment_id=441\" class=\"wp-image-441\" srcset=\"https:\/\/rolf-tschierschky.de\/wp-content\/uploads\/2019\/03\/0733-1024x706.jpg 1024w, https:\/\/rolf-tschierschky.de\/wp-content\/uploads\/2019\/03\/0733-300x207.jpg 300w, https:\/\/rolf-tschierschky.de\/wp-content\/uploads\/2019\/03\/0733-768x530.jpg 768w, https:\/\/rolf-tschierschky.de\/wp-content\/uploads\/2019\/03\/0733.jpg 1286w\" sizes=\"(max-width: 1024px) 100vw, 1024px\" \/><\/a><figcaption>Landschaft bei Frankfurt<br>(1952)<\/figcaption><\/figure><\/li><li class=\"blocks-gallery-item\"><figure><a href=\"http:\/\/rolf-tschierschky.de\/wp-content\/uploads\/2019\/03\/0731-1024x702.jpg\"><img loading=\"lazy\" width=\"1024\" height=\"702\" src=\"http:\/\/rolf-tschierschky.de\/wp-content\/uploads\/2019\/03\/0731-1024x702.jpg\" alt=\"\" data-id=\"439\" data-link=\"http:\/\/rolf-tschierschky.de\/?attachment_id=439\" class=\"wp-image-439\" srcset=\"https:\/\/rolf-tschierschky.de\/wp-content\/uploads\/2019\/03\/0731-1024x702.jpg 1024w, https:\/\/rolf-tschierschky.de\/wp-content\/uploads\/2019\/03\/0731-300x206.jpg 300w, https:\/\/rolf-tschierschky.de\/wp-content\/uploads\/2019\/03\/0731-768x526.jpg 768w, https:\/\/rolf-tschierschky.de\/wp-content\/uploads\/2019\/03\/0731.jpg 1274w\" sizes=\"(max-width: 1024px) 100vw, 1024px\" \/><\/a><figcaption>Landschaft bei Frankfurt<br>(1952)<\/figcaption><\/figure><\/li><li class=\"blocks-gallery-item\"><figure><a href=\"http:\/\/rolf-tschierschky.de\/wp-content\/uploads\/2019\/03\/0732-1024x681.jpg\"><img loading=\"lazy\" width=\"1024\" height=\"681\" src=\"http:\/\/rolf-tschierschky.de\/wp-content\/uploads\/2019\/03\/0732-1024x681.jpg\" alt=\"\" data-id=\"440\" data-link=\"http:\/\/rolf-tschierschky.de\/?attachment_id=440\" class=\"wp-image-440\" srcset=\"https:\/\/rolf-tschierschky.de\/wp-content\/uploads\/2019\/03\/0732-1024x681.jpg 1024w, https:\/\/rolf-tschierschky.de\/wp-content\/uploads\/2019\/03\/0732-300x199.jpg 300w, https:\/\/rolf-tschierschky.de\/wp-content\/uploads\/2019\/03\/0732-768x511.jpg 768w, https:\/\/rolf-tschierschky.de\/wp-content\/uploads\/2019\/03\/0732.jpg 1262w\" sizes=\"(max-width: 1024px) 100vw, 1024px\" \/><\/a><figcaption>Mainansicht<br>(1952)<\/figcaption><\/figure><\/li><\/ul>\n\n\n\n<p style=\"text-align:center\">zum &#8220;<a href=\"https:\/\/rolf-tschierschky.de\/en\/frankfurter-bild-2\/\">Frankfurt painting<\/a>&#8220;<\/p>","protected":false},"excerpt":{"rendered":"<p>Die meisten der Frankfurter Ansichten entstanden nach Rolf Tschierschkys R\u00fcckkehr aus der Kriegsgefangenschaft im Jahre 1947. Viele dieser Bilder lassen eine unversehrte Stadt vermuten, wie etwa das Aquarell \u201eMainansicht\u201c von 1952. Was er abbildet, ist nicht die \u00e4u\u00dfere Realit\u00e4t einer zerst\u00f6rten Stadt, sondern deren unzerst\u00f6rbare Essenz, gleich der Seele des K\u00fcnstlers, welche zwar durch das &hellip; <a href=\"https:\/\/rolf-tschierschky.de\/en\/frankfurt\/\" class=\"more-link\">Continue reading <span class=\"screen-reader-text\">Frankfurt<\/span> <span class=\"meta-nav\">&rarr;<\/span><\/a><\/p>","protected":false},"author":1,"featured_media":0,"parent":0,"menu_order":0,"comment_status":"closed","ping_status":"closed","template":"","meta":[],"_links":{"self":[{"href":"https:\/\/rolf-tschierschky.de\/en\/wp-json\/wp\/v2\/pages\/429"}],"collection":[{"href":"https:\/\/rolf-tschierschky.de\/en\/wp-json\/wp\/v2\/pages"}],"about":[{"href":"https:\/\/rolf-tschierschky.de\/en\/wp-json\/wp\/v2\/types\/page"}],"author":[{"embeddable":true,"href":"https:\/\/rolf-tschierschky.de\/en\/wp-json\/wp\/v2\/users\/1"}],"replies":[{"embeddable":true,"href":"https:\/\/rolf-tschierschky.de\/en\/wp-json\/wp\/v2\/comments?post=429"}],"version-history":[{"count":9,"href":"https:\/\/rolf-tschierschky.de\/en\/wp-json\/wp\/v2\/pages\/429\/revisions"}],"predecessor-version":[{"id":1156,"href":"https:\/\/rolf-tschierschky.de\/en\/wp-json\/wp\/v2\/pages\/429\/revisions\/1156"}],"wp:attachment":[{"href":"https:\/\/rolf-tschierschky.de\/en\/wp-json\/wp\/v2\/media?parent=429"}],"curies":[{"name":"wp","href":"https:\/\/api.w.org\/{rel}","templated":true}]}}