{"id":52,"date":"2019-03-09T13:14:24","date_gmt":"2019-03-09T13:14:24","guid":{"rendered":"http:\/\/rolf-tschierschky.de\/?page_id=52"},"modified":"2019-04-09T14:59:38","modified_gmt":"2019-04-09T14:59:38","slug":"buehnenbilder","status":"publish","type":"page","link":"https:\/\/rolf-tschierschky.de\/en\/buehnenbilder\/","title":{"rendered":"Set and Scenery Designs"},"content":{"rendered":"<p>Rolf Tschierschky\u2019s work as a set designer occurred mainly in the six years between 1954 and 1960. During this time, he was employed at state-supported theatres in Kassel, Hamburg, Braunschweig and Offenburg. All in all, he produced 158 set designs and 70 costume sketches for about 30 productions.<br \/>Right after completing his studies, Tschierschky was offered his first position at the Staatstheater Kassel. This is the same public theatre which had sponsored the set design competition Tschierschky had just won. Between 1954 and 1956, he participated in 14 productions there in contemporary plays, such as<a href=\"https:\/\/rolf-tschierschky.de\/en\/jean-anouhil-eurydike\/\">\"Eurydike\"<\/a>by Jean Anouilh, and classics like Mozart\u2019s<a href=\"https:\/\/rolf-tschierschky.de\/en\/w-a-mozart-die-zauberfloete\/\">\"The Magic Flute\"<\/a>\u201c.<\/p>\n\n\n<p style=\"text-align:center\">Kassel, 1954-56<\/p>\n\n\n\n<ul><li><a href=\"https:\/\/rolf-tschierschky.de\/en\/jean-anouhil-eurydike\/\">&#8220;Eurydike&#8221; (Jean Anouilh)<\/a><\/li><li><a href=\"https:\/\/rolf-tschierschky.de\/en\/albert-camus-belagerungszustand\/\">&#8220;Belagerungszustand&#8221; (Albert Camus)<\/a><\/li><li><a href=\"https:\/\/rolf-tschierschky.de\/en\/william-faulkner-requiem-fuer-eine-nonne\/\">&#8220;Requiem f\u00fcr eine Nonne&#8221; (William Faulkner)<\/a><\/li><li><a href=\"https:\/\/rolf-tschierschky.de\/en\/werner-egk-die-zaubergeige\/\">&#8220;Die Zaubergeige&#8221; (Werner Egk)<\/a><\/li><li><a href=\"https:\/\/rolf-tschierschky.de\/en\/w-a-mozart-die-zauberfloete\/\">&#8220;Die Zauberfl\u00f6te&#8221; (W. A. Mozart)<\/a><\/li><li><a href=\"https:\/\/rolf-tschierschky.de\/en\/bertolt-brecht-der-gute-mensch-von-sezuan\/\">&#8220;Der gute Mensch von Sezuan&#8221; (Bertolt Brecht)<\/a><\/li><\/ul>\n\n\n\n<p style=\"text-align:center\">Hamburg, 1957<\/p>\n\n\n\n<ul><li><a href=\"https:\/\/rolf-tschierschky.de\/en\/wolfgang-borchert-draussen-vor-der-tuer\/\">&#8220;Drau\u00dfen vor der T\u00fcr&#8221; (Wolfgang Borchert)<\/a><\/li><\/ul>\n\n\n\n<p style=\"text-align:center\">Braunschweig, 1958\/59<\/p>\n\n\n\n<ul><li><a href=\"https:\/\/rolf-tschierschky.de\/en\/puccini-la-fanciulla-del-west\/\">&#8220;Das M\u00e4dchen aus dem goldenen Westen&#8221; (Giacomo Puccini)<\/a><\/li><\/ul>\n\n\n\n<p style=\"text-align:center\">Bonn, 1959<\/p>\n\n\n\n<ul><li><a href=\"https:\/\/rolf-tschierschky.de\/en\/lope-de-vega-was-kam-denn-da-ins-haus\/\">&#8220;Was kam denn da ins Haus?&#8221; (Lope de Vega)<\/a><\/li><li><a href=\"https:\/\/rolf-tschierschky.de\/en\/friedrich-schiller-die-raeuber\/\">&#8220;Die R\u00e4uber&#8221; (Friedrich Schiller)<\/a><\/li><li><a href=\"https:\/\/rolf-tschierschky.de\/en\/friedrich-schiller-don-carlos\/\">&#8220;Don Carlos&#8221; (Friedrich Schiller)<\/a><\/li><li><a href=\"https:\/\/rolf-tschierschky.de\/en\/sophokles-oedipus\/\">&#8220;\u00d6dipus&#8221; (Sophokles)<\/a><\/li><\/ul>\n\n\n\n<ul><li><a href=\"https:\/\/rolf-tschierschky.de\/en\/weitere-buehnenbildentwuerfe\/\">Weitere B\u00fchnenbilder<\/a><\/li><\/ul>\n\n\n\n<p><\/p>","protected":false},"excerpt":{"rendered":"<p>Rolf Tschierschkys T\u00e4tigkeit als B\u00fchnenbildner umfasst haupts\u00e4chlich die sechs Jahre zwischen 1954 und 1960. In dieser Zeit war er an nicht weniger als vier staatlichen Theatern angestellt und schuf 158 B\u00fchnenbildentw\u00fcrfe und 70 Kost\u00fcmskizzen f\u00fcr rund drei\u00dfig Produktionen.Die erste Anstellung am Staatstheater Kassel erhielt Tschierschky im Anschluss an seine Studienzeit, nachdem er einen vom Theater &hellip; <a href=\"https:\/\/rolf-tschierschky.de\/en\/buehnenbilder\/\" class=\"more-link\">Continue reading <span class=\"screen-reader-text\">Set and Scenery Designs<\/span> <span class=\"meta-nav\">&rarr;<\/span><\/a><\/p>","protected":false},"author":1,"featured_media":0,"parent":0,"menu_order":0,"comment_status":"closed","ping_status":"closed","template":"","meta":[],"_links":{"self":[{"href":"https:\/\/rolf-tschierschky.de\/en\/wp-json\/wp\/v2\/pages\/52"}],"collection":[{"href":"https:\/\/rolf-tschierschky.de\/en\/wp-json\/wp\/v2\/pages"}],"about":[{"href":"https:\/\/rolf-tschierschky.de\/en\/wp-json\/wp\/v2\/types\/page"}],"author":[{"embeddable":true,"href":"https:\/\/rolf-tschierschky.de\/en\/wp-json\/wp\/v2\/users\/1"}],"replies":[{"embeddable":true,"href":"https:\/\/rolf-tschierschky.de\/en\/wp-json\/wp\/v2\/comments?post=52"}],"version-history":[{"count":10,"href":"https:\/\/rolf-tschierschky.de\/en\/wp-json\/wp\/v2\/pages\/52\/revisions"}],"predecessor-version":[{"id":1153,"href":"https:\/\/rolf-tschierschky.de\/en\/wp-json\/wp\/v2\/pages\/52\/revisions\/1153"}],"wp:attachment":[{"href":"https:\/\/rolf-tschierschky.de\/en\/wp-json\/wp\/v2\/media?parent=52"}],"curies":[{"name":"wp","href":"https:\/\/api.w.org\/{rel}","templated":true}]}}