{"id":851,"date":"2019-03-31T19:02:05","date_gmt":"2019-03-31T19:02:05","guid":{"rendered":"http:\/\/rolf-tschierschky.de\/?page_id=851"},"modified":"2019-04-23T20:57:41","modified_gmt":"2019-04-23T20:57:41","slug":"familie","status":"publish","type":"page","link":"https:\/\/rolf-tschierschky.de\/en\/familie\/","title":{"rendered":"Family"},"content":{"rendered":"<ul class=\"wp-block-gallery columns-3 is-cropped\"><li class=\"blocks-gallery-item\"><figure><a href=\"http:\/\/rolf-tschierschky.de\/wp-content\/uploads\/2019\/03\/0134-683x1024.jpg\"><img loading=\"lazy\" width=\"683\" height=\"1024\" src=\"http:\/\/rolf-tschierschky.de\/wp-content\/uploads\/2019\/03\/0134-683x1024.jpg\" alt=\"\" data-id=\"853\" data-link=\"http:\/\/rolf-tschierschky.de\/?attachment_id=853\" class=\"wp-image-853\" srcset=\"https:\/\/rolf-tschierschky.de\/wp-content\/uploads\/2019\/03\/0134-683x1024.jpg 683w, https:\/\/rolf-tschierschky.de\/wp-content\/uploads\/2019\/03\/0134-200x300.jpg 200w, https:\/\/rolf-tschierschky.de\/wp-content\/uploads\/2019\/03\/0134-768x1151.jpg 768w, https:\/\/rolf-tschierschky.de\/wp-content\/uploads\/2019\/03\/0134.jpg 862w\" sizes=\"(max-width: 683px) 100vw, 683px\" \/><\/a><figcaption>Meine Mutter Adele (Frankfurt,<br>15. Feb. 1948)<\/figcaption><\/figure><\/li><li class=\"blocks-gallery-item\"><figure><a href=\"http:\/\/rolf-tschierschky.de\/wp-content\/uploads\/2019\/03\/0630-800x1024.jpg\"><img loading=\"lazy\" width=\"800\" height=\"1024\" src=\"http:\/\/rolf-tschierschky.de\/wp-content\/uploads\/2019\/03\/0630-800x1024.jpg\" alt=\"\" data-id=\"855\" data-link=\"http:\/\/rolf-tschierschky.de\/?attachment_id=855\" class=\"wp-image-855\" srcset=\"https:\/\/rolf-tschierschky.de\/wp-content\/uploads\/2019\/03\/0630-800x1024.jpg 800w, https:\/\/rolf-tschierschky.de\/wp-content\/uploads\/2019\/03\/0630-234x300.jpg 234w, https:\/\/rolf-tschierschky.de\/wp-content\/uploads\/2019\/03\/0630-768x983.jpg 768w, https:\/\/rolf-tschierschky.de\/wp-content\/uploads\/2019\/03\/0630.jpg 1075w\" sizes=\"(max-width: 800px) 100vw, 800px\" \/><\/a><figcaption>G\u00fcnter,<br>Bruder des K\u00fcnstlers<br>(Frankfurt,<br>20. M\u00e4rz 1948)<\/figcaption><\/figure><\/li><li class=\"blocks-gallery-item\"><figure><a href=\"http:\/\/rolf-tschierschky.de\/wp-content\/uploads\/2019\/03\/0128-681x1024.jpg\"><img loading=\"lazy\" width=\"681\" height=\"1024\" src=\"http:\/\/rolf-tschierschky.de\/wp-content\/uploads\/2019\/03\/0128-681x1024.jpg\" alt=\"\" data-id=\"852\" data-link=\"http:\/\/rolf-tschierschky.de\/?attachment_id=852\" class=\"wp-image-852\" srcset=\"https:\/\/rolf-tschierschky.de\/wp-content\/uploads\/2019\/03\/0128-681x1024.jpg 681w, https:\/\/rolf-tschierschky.de\/wp-content\/uploads\/2019\/03\/0128-199x300.jpg 199w, https:\/\/rolf-tschierschky.de\/wp-content\/uploads\/2019\/03\/0128-768x1155.jpg 768w, https:\/\/rolf-tschierschky.de\/wp-content\/uploads\/2019\/03\/0128.jpg 831w\" sizes=\"(max-width: 681px) 100vw, 681px\" \/><\/a><figcaption>Rosemarie,<br>Schwester des K\u00fcnstlers<br>(Frankfurt, 1950)<\/figcaption><\/figure><\/li><li class=\"blocks-gallery-item\"><figure><a href=\"http:\/\/rolf-tschierschky.de\/wp-content\/uploads\/2019\/03\/1350a-671x1024.jpg\"><img loading=\"lazy\" width=\"671\" height=\"1024\" src=\"http:\/\/rolf-tschierschky.de\/wp-content\/uploads\/2019\/03\/1350a-671x1024.jpg\" alt=\"\" data-id=\"856\" data-link=\"http:\/\/rolf-tschierschky.de\/?attachment_id=856\" class=\"wp-image-856\" srcset=\"https:\/\/rolf-tschierschky.de\/wp-content\/uploads\/2019\/03\/1350a-671x1024.jpg 671w, https:\/\/rolf-tschierschky.de\/wp-content\/uploads\/2019\/03\/1350a-196x300.jpg 196w, https:\/\/rolf-tschierschky.de\/wp-content\/uploads\/2019\/03\/1350a-768x1173.jpg 768w, https:\/\/rolf-tschierschky.de\/wp-content\/uploads\/2019\/03\/1350a.jpg 960w\" sizes=\"(max-width: 671px) 100vw, 671px\" \/><\/a><figcaption>Skizzenblatt<br>(Mutter Adele)<br>(Frankfurt, 1951)<\/figcaption><\/figure><\/li><li class=\"blocks-gallery-item\"><figure><a href=\"http:\/\/rolf-tschierschky.de\/wp-content\/uploads\/2019\/03\/1350d-693x1024.jpg\"><img loading=\"lazy\" width=\"693\" height=\"1024\" src=\"http:\/\/rolf-tschierschky.de\/wp-content\/uploads\/2019\/03\/1350d-693x1024.jpg\" alt=\"\" data-id=\"857\" data-link=\"http:\/\/rolf-tschierschky.de\/?attachment_id=857\" class=\"wp-image-857\" srcset=\"https:\/\/rolf-tschierschky.de\/wp-content\/uploads\/2019\/03\/1350d-693x1024.jpg 693w, https:\/\/rolf-tschierschky.de\/wp-content\/uploads\/2019\/03\/1350d-203x300.jpg 203w, https:\/\/rolf-tschierschky.de\/wp-content\/uploads\/2019\/03\/1350d-768x1135.jpg 768w, https:\/\/rolf-tschierschky.de\/wp-content\/uploads\/2019\/03\/1350d.jpg 979w\" sizes=\"(max-width: 693px) 100vw, 693px\" \/><\/a><figcaption>Skizzenblatt<br>(Rosemarie)<br>(Frankfurt, 1951)<\/figcaption><\/figure><\/li><li class=\"blocks-gallery-item\"><figure><a href=\"http:\/\/rolf-tschierschky.de\/wp-content\/uploads\/2019\/03\/1535-744x1024.jpg\"><img loading=\"lazy\" width=\"744\" height=\"1024\" src=\"http:\/\/rolf-tschierschky.de\/wp-content\/uploads\/2019\/03\/1535-744x1024.jpg\" alt=\"\" data-id=\"858\" data-link=\"http:\/\/rolf-tschierschky.de\/?attachment_id=858\" class=\"wp-image-858\" srcset=\"https:\/\/rolf-tschierschky.de\/wp-content\/uploads\/2019\/03\/1535-744x1024.jpg 744w, https:\/\/rolf-tschierschky.de\/wp-content\/uploads\/2019\/03\/1535-218x300.jpg 218w, https:\/\/rolf-tschierschky.de\/wp-content\/uploads\/2019\/03\/1535-768x1057.jpg 768w, https:\/\/rolf-tschierschky.de\/wp-content\/uploads\/2019\/03\/1535.jpg 998w\" sizes=\"(max-width: 744px) 100vw, 744px\" \/><\/a><figcaption>Mutti, schlafend<br>(Bad Arolsen,<br>Aug. 1988)<\/figcaption><\/figure><\/li><li class=\"blocks-gallery-item\"><figure><a href=\"http:\/\/rolf-tschierschky.de\/wp-content\/uploads\/2019\/03\/1536-740x1024.jpg\"><img loading=\"lazy\" width=\"740\" height=\"1024\" src=\"http:\/\/rolf-tschierschky.de\/wp-content\/uploads\/2019\/03\/1536-740x1024.jpg\" alt=\"\" data-id=\"859\" data-link=\"http:\/\/rolf-tschierschky.de\/?attachment_id=859\" class=\"wp-image-859\" srcset=\"https:\/\/rolf-tschierschky.de\/wp-content\/uploads\/2019\/03\/1536-740x1024.jpg 740w, https:\/\/rolf-tschierschky.de\/wp-content\/uploads\/2019\/03\/1536-217x300.jpg 217w, https:\/\/rolf-tschierschky.de\/wp-content\/uploads\/2019\/03\/1536-768x1063.jpg 768w, https:\/\/rolf-tschierschky.de\/wp-content\/uploads\/2019\/03\/1536.jpg 916w\" sizes=\"(max-width: 740px) 100vw, 740px\" \/><\/a><figcaption>Mutti im Krankenhaus<br>(Bad Arolsen, Aug. 1988)<\/figcaption><\/figure><\/li><\/ul>\n\n\n<p style=\"text-align: center;\"><a href=\"https:\/\/rolf-tschierschky.de\/en\/\"><em>Home<\/em><\/a><\/p>","protected":false},"excerpt":{"rendered":"<p>Home<\/p>","protected":false},"author":1,"featured_media":0,"parent":0,"menu_order":0,"comment_status":"closed","ping_status":"closed","template":"","meta":[],"_links":{"self":[{"href":"https:\/\/rolf-tschierschky.de\/en\/wp-json\/wp\/v2\/pages\/851"}],"collection":[{"href":"https:\/\/rolf-tschierschky.de\/en\/wp-json\/wp\/v2\/pages"}],"about":[{"href":"https:\/\/rolf-tschierschky.de\/en\/wp-json\/wp\/v2\/types\/page"}],"author":[{"embeddable":true,"href":"https:\/\/rolf-tschierschky.de\/en\/wp-json\/wp\/v2\/users\/1"}],"replies":[{"embeddable":true,"href":"https:\/\/rolf-tschierschky.de\/en\/wp-json\/wp\/v2\/comments?post=851"}],"version-history":[{"count":8,"href":"https:\/\/rolf-tschierschky.de\/en\/wp-json\/wp\/v2\/pages\/851\/revisions"}],"predecessor-version":[{"id":1214,"href":"https:\/\/rolf-tschierschky.de\/en\/wp-json\/wp\/v2\/pages\/851\/revisions\/1214"}],"wp:attachment":[{"href":"https:\/\/rolf-tschierschky.de\/en\/wp-json\/wp\/v2\/media?parent=851"}],"curies":[{"name":"wp","href":"https:\/\/api.w.org\/{rel}","templated":true}]}}