{"id":863,"date":"2019-03-31T19:03:39","date_gmt":"2019-03-31T19:03:39","guid":{"rendered":"http:\/\/rolf-tschierschky.de\/?page_id=863"},"modified":"2019-04-09T14:58:20","modified_gmt":"2019-04-09T14:58:20","slug":"portraets","status":"publish","type":"page","link":"https:\/\/rolf-tschierschky.de\/en\/portraets\/","title":{"rendered":"Portraits"},"content":{"rendered":"<p>Tschierschky painted a total of 51 portraits and almost every single one of them features a different technique. Whether he chose oil paints, tachisme, collage or pencil, these works demonstrate and highlight the entire palette of his artisanship and ingenuity. He implemented technique and style as characterizing aides in order to depict the subject\u2019s personality. In this way, each portrait tells its own unique story. Portrait viewers can connect and understand its tale even if they do not know the person being portrayed in the painted story.<\/p>\n<p><em><a href=\"https:\/\/rolf-tschierschky.de\/en\/selbstportraets\/\">Self Portraits<\/a> \u2022 <a href=\"https:\/\/rolf-tschierschky.de\/en\/familie\/\">Family Paintings<\/a> \u2022 <a href=\"https:\/\/rolf-tschierschky.de\/en\/zeitgenossen\/\">Contemporaries<\/a> \u2022 <a href=\"https:\/\/rolf-tschierschky.de\/en\/karikaturen\/\">Caricatures<\/a><\/em><\/p>\n\n\n<ul class=\"wp-block-gallery columns-3 is-cropped\"><li class=\"blocks-gallery-item\"><figure><a href=\"http:\/\/rolf-tschierschky.de\/wp-content\/uploads\/2019\/03\/0637-828x1024.jpg\"><img loading=\"lazy\" width=\"828\" height=\"1024\" src=\"http:\/\/rolf-tschierschky.de\/wp-content\/uploads\/2019\/03\/0637-828x1024.jpg\" alt=\"\" data-id=\"868\" data-link=\"http:\/\/rolf-tschierschky.de\/?attachment_id=868\" class=\"wp-image-868\" srcset=\"https:\/\/rolf-tschierschky.de\/wp-content\/uploads\/2019\/03\/0637-828x1024.jpg 828w, https:\/\/rolf-tschierschky.de\/wp-content\/uploads\/2019\/03\/0637-243x300.jpg 243w, https:\/\/rolf-tschierschky.de\/wp-content\/uploads\/2019\/03\/0637-768x950.jpg 768w, https:\/\/rolf-tschierschky.de\/wp-content\/uploads\/2019\/03\/0637.jpg 1044w\" sizes=\"(max-width: 828px) 100vw, 828px\" \/><\/a><figcaption>Amor und Psyche (Frankfurt, 1952)<\/figcaption><\/figure><\/li><li class=\"blocks-gallery-item\"><figure><a href=\"http:\/\/rolf-tschierschky.de\/wp-content\/uploads\/2019\/03\/1003-818x1024.jpg\"><img loading=\"lazy\" width=\"818\" height=\"1024\" src=\"http:\/\/rolf-tschierschky.de\/wp-content\/uploads\/2019\/03\/1003-818x1024.jpg\" alt=\"\" data-id=\"871\" data-link=\"http:\/\/rolf-tschierschky.de\/?attachment_id=871\" class=\"wp-image-871\" srcset=\"https:\/\/rolf-tschierschky.de\/wp-content\/uploads\/2019\/03\/1003-818x1024.jpg 818w, https:\/\/rolf-tschierschky.de\/wp-content\/uploads\/2019\/03\/1003-240x300.jpg 240w, https:\/\/rolf-tschierschky.de\/wp-content\/uploads\/2019\/03\/1003-768x961.jpg 768w, https:\/\/rolf-tschierschky.de\/wp-content\/uploads\/2019\/03\/1003.jpg 1185w\" sizes=\"(max-width: 818px) 100vw, 818px\" \/><\/a><figcaption>Abschied<br>(Frankfurt, 1952)<\/figcaption><\/figure><\/li><li class=\"blocks-gallery-item\"><figure><a href=\"http:\/\/rolf-tschierschky.de\/wp-content\/uploads\/2019\/03\/1344-932x1024.jpg\"><img loading=\"lazy\" width=\"932\" height=\"1024\" src=\"http:\/\/rolf-tschierschky.de\/wp-content\/uploads\/2019\/03\/1344-932x1024.jpg\" alt=\"\" data-id=\"876\" data-link=\"http:\/\/rolf-tschierschky.de\/?attachment_id=876\" class=\"wp-image-876\" srcset=\"https:\/\/rolf-tschierschky.de\/wp-content\/uploads\/2019\/03\/1344-932x1024.jpg 932w, https:\/\/rolf-tschierschky.de\/wp-content\/uploads\/2019\/03\/1344-273x300.jpg 273w, https:\/\/rolf-tschierschky.de\/wp-content\/uploads\/2019\/03\/1344-768x844.jpg 768w, https:\/\/rolf-tschierschky.de\/wp-content\/uploads\/2019\/03\/1344.jpg 1275w\" sizes=\"(max-width: 932px) 100vw, 932px\" \/><\/a><figcaption>Die Muse wartet<br>(Kassel, ca. 1954)<\/figcaption><\/figure><\/li><li class=\"blocks-gallery-item\"><figure><a href=\"http:\/\/rolf-tschierschky.de\/wp-content\/uploads\/2019\/03\/1143-1024x712.jpg\"><img loading=\"lazy\" width=\"1024\" height=\"712\" src=\"http:\/\/rolf-tschierschky.de\/wp-content\/uploads\/2019\/03\/1143-1024x712.jpg\" alt=\"\" data-id=\"874\" data-link=\"http:\/\/rolf-tschierschky.de\/?attachment_id=874\" class=\"wp-image-874\" srcset=\"https:\/\/rolf-tschierschky.de\/wp-content\/uploads\/2019\/03\/1143-1024x712.jpg 1024w, https:\/\/rolf-tschierschky.de\/wp-content\/uploads\/2019\/03\/1143-300x209.jpg 300w, https:\/\/rolf-tschierschky.de\/wp-content\/uploads\/2019\/03\/1143-768x534.jpg 768w, https:\/\/rolf-tschierschky.de\/wp-content\/uploads\/2019\/03\/1143.jpg 1455w\" sizes=\"(max-width: 1024px) 100vw, 1024px\" \/><\/a><figcaption>Frauenkopf<br>(Kassel, 1955)<\/figcaption><\/figure><\/li><li class=\"blocks-gallery-item\"><figure><a href=\"http:\/\/rolf-tschierschky.de\/wp-content\/uploads\/2019\/03\/0301-830x1024.jpg\"><img loading=\"lazy\" width=\"830\" height=\"1024\" src=\"http:\/\/rolf-tschierschky.de\/wp-content\/uploads\/2019\/03\/0301-830x1024.jpg\" alt=\"\" data-id=\"865\" data-link=\"http:\/\/rolf-tschierschky.de\/?attachment_id=865\" class=\"wp-image-865\" srcset=\"https:\/\/rolf-tschierschky.de\/wp-content\/uploads\/2019\/03\/0301-830x1024.jpg 830w, https:\/\/rolf-tschierschky.de\/wp-content\/uploads\/2019\/03\/0301-243x300.jpg 243w, https:\/\/rolf-tschierschky.de\/wp-content\/uploads\/2019\/03\/0301-768x948.jpg 768w, https:\/\/rolf-tschierschky.de\/wp-content\/uploads\/2019\/03\/0301.jpg 1132w\" sizes=\"(max-width: 830px) 100vw, 830px\" \/><\/a><figcaption>Einer,<br>der sich<br>wie C\u00e4sar geb\u00e4rdete<br>(Bonn, 1960)<\/figcaption><\/figure><\/li><li class=\"blocks-gallery-item\"><figure><a href=\"http:\/\/rolf-tschierschky.de\/wp-content\/uploads\/2019\/03\/0313-1024x818.jpg\"><img loading=\"lazy\" width=\"1024\" height=\"818\" src=\"http:\/\/rolf-tschierschky.de\/wp-content\/uploads\/2019\/03\/0313-1024x818.jpg\" alt=\"\" data-id=\"866\" data-link=\"http:\/\/rolf-tschierschky.de\/?attachment_id=866\" class=\"wp-image-866\" srcset=\"https:\/\/rolf-tschierschky.de\/wp-content\/uploads\/2019\/03\/0313-1024x818.jpg 1024w, https:\/\/rolf-tschierschky.de\/wp-content\/uploads\/2019\/03\/0313-300x240.jpg 300w, https:\/\/rolf-tschierschky.de\/wp-content\/uploads\/2019\/03\/0313-768x613.jpg 768w, https:\/\/rolf-tschierschky.de\/wp-content\/uploads\/2019\/03\/0313.jpg 1311w\" sizes=\"(max-width: 1024px) 100vw, 1024px\" \/><\/a><figcaption>Zwiegespr\u00e4ch<br>(Offenburg, 1961)<\/figcaption><\/figure><\/li><li class=\"blocks-gallery-item\"><figure><a href=\"http:\/\/rolf-tschierschky.de\/wp-content\/uploads\/2019\/03\/0316-749x1024.jpg\"><img loading=\"lazy\" width=\"749\" height=\"1024\" src=\"http:\/\/rolf-tschierschky.de\/wp-content\/uploads\/2019\/03\/0316-749x1024.jpg\" alt=\"\" data-id=\"867\" data-link=\"http:\/\/rolf-tschierschky.de\/?attachment_id=867\" class=\"wp-image-867\" srcset=\"https:\/\/rolf-tschierschky.de\/wp-content\/uploads\/2019\/03\/0316-749x1024.jpg 749w, https:\/\/rolf-tschierschky.de\/wp-content\/uploads\/2019\/03\/0316-219x300.jpg 219w, https:\/\/rolf-tschierschky.de\/wp-content\/uploads\/2019\/03\/0316-768x1050.jpg 768w, https:\/\/rolf-tschierschky.de\/wp-content\/uploads\/2019\/03\/0316.jpg 997w\" sizes=\"(max-width: 749px) 100vw, 749px\" \/><\/a><figcaption>Gleiche Absicht<br>(Offenburg, 1961)<\/figcaption><\/figure><\/li><li class=\"blocks-gallery-item\"><figure><a href=\"http:\/\/rolf-tschierschky.de\/wp-content\/uploads\/2019\/03\/0988-817x1024.jpg\"><img loading=\"lazy\" width=\"817\" height=\"1024\" src=\"http:\/\/rolf-tschierschky.de\/wp-content\/uploads\/2019\/03\/0988-817x1024.jpg\" alt=\"\" data-id=\"869\" data-link=\"http:\/\/rolf-tschierschky.de\/?attachment_id=869\" class=\"wp-image-869\" srcset=\"https:\/\/rolf-tschierschky.de\/wp-content\/uploads\/2019\/03\/0988-817x1024.jpg 817w, https:\/\/rolf-tschierschky.de\/wp-content\/uploads\/2019\/03\/0988-239x300.jpg 239w, https:\/\/rolf-tschierschky.de\/wp-content\/uploads\/2019\/03\/0988-768x962.jpg 768w, https:\/\/rolf-tschierschky.de\/wp-content\/uploads\/2019\/03\/0988.jpg 1214w\" sizes=\"(max-width: 817px) 100vw, 817px\" \/><\/a><figcaption>Der Rufer<br>(Offenburg, 1961)<\/figcaption><\/figure><\/li><li class=\"blocks-gallery-item\"><figure><a href=\"http:\/\/rolf-tschierschky.de\/wp-content\/uploads\/2019\/03\/1451-1024x741.jpg\"><img loading=\"lazy\" width=\"1024\" height=\"741\" src=\"http:\/\/rolf-tschierschky.de\/wp-content\/uploads\/2019\/03\/1451-1024x741.jpg\" alt=\"\" data-id=\"879\" data-link=\"http:\/\/rolf-tschierschky.de\/?attachment_id=879\" class=\"wp-image-879\" srcset=\"https:\/\/rolf-tschierschky.de\/wp-content\/uploads\/2019\/03\/1451-1024x741.jpg 1024w, https:\/\/rolf-tschierschky.de\/wp-content\/uploads\/2019\/03\/1451-300x217.jpg 300w, https:\/\/rolf-tschierschky.de\/wp-content\/uploads\/2019\/03\/1451-768x556.jpg 768w, https:\/\/rolf-tschierschky.de\/wp-content\/uploads\/2019\/03\/1451.jpg 1279w\" sizes=\"(max-width: 1024px) 100vw, 1024px\" \/><\/a><figcaption>Symbolhafte Darstellung von Autorit\u00e4ten (Offenburg, 1962)<\/figcaption><\/figure><\/li><li class=\"blocks-gallery-item\"><figure><a href=\"http:\/\/rolf-tschierschky.de\/wp-content\/uploads\/2019\/03\/1452-654x1024.jpg\"><img loading=\"lazy\" width=\"654\" height=\"1024\" src=\"http:\/\/rolf-tschierschky.de\/wp-content\/uploads\/2019\/03\/1452-654x1024.jpg\" alt=\"\" data-id=\"880\" data-link=\"http:\/\/rolf-tschierschky.de\/?attachment_id=880\" class=\"wp-image-880\" srcset=\"https:\/\/rolf-tschierschky.de\/wp-content\/uploads\/2019\/03\/1452-654x1024.jpg 654w, https:\/\/rolf-tschierschky.de\/wp-content\/uploads\/2019\/03\/1452-192x300.jpg 192w, https:\/\/rolf-tschierschky.de\/wp-content\/uploads\/2019\/03\/1452-768x1203.jpg 768w, https:\/\/rolf-tschierschky.de\/wp-content\/uploads\/2019\/03\/1452.jpg 935w\" sizes=\"(max-width: 654px) 100vw, 654px\" \/><\/a><figcaption>Reisende im Zugabteil (Offenburg, 1962)<\/figcaption><\/figure><\/li><li class=\"blocks-gallery-item\"><figure><a href=\"http:\/\/rolf-tschierschky.de\/wp-content\/uploads\/2019\/03\/1431-714x1024.jpg\"><img loading=\"lazy\" width=\"714\" height=\"1024\" src=\"http:\/\/rolf-tschierschky.de\/wp-content\/uploads\/2019\/03\/1431-714x1024.jpg\" alt=\"\" data-id=\"878\" data-link=\"http:\/\/rolf-tschierschky.de\/?attachment_id=878\" class=\"wp-image-878\" srcset=\"https:\/\/rolf-tschierschky.de\/wp-content\/uploads\/2019\/03\/1431-714x1024.jpg 714w, https:\/\/rolf-tschierschky.de\/wp-content\/uploads\/2019\/03\/1431-209x300.jpg 209w, https:\/\/rolf-tschierschky.de\/wp-content\/uploads\/2019\/03\/1431-768x1101.jpg 768w, https:\/\/rolf-tschierschky.de\/wp-content\/uploads\/2019\/03\/1431.jpg 958w\" sizes=\"(max-width: 714px) 100vw, 714px\" \/><\/a><figcaption>Selbstdarstellung vor durchbrochener Wand (Offenburg, 1963)<\/figcaption><\/figure><\/li><li class=\"blocks-gallery-item\"><figure><a href=\"http:\/\/rolf-tschierschky.de\/wp-content\/uploads\/2019\/03\/1059-783x1024.jpg\"><img loading=\"lazy\" width=\"783\" height=\"1024\" src=\"http:\/\/rolf-tschierschky.de\/wp-content\/uploads\/2019\/03\/1059-783x1024.jpg\" alt=\"\" data-id=\"872\" data-link=\"http:\/\/rolf-tschierschky.de\/?attachment_id=872\" class=\"wp-image-872\" srcset=\"https:\/\/rolf-tschierschky.de\/wp-content\/uploads\/2019\/03\/1059-783x1024.jpg 783w, https:\/\/rolf-tschierschky.de\/wp-content\/uploads\/2019\/03\/1059-229x300.jpg 229w, https:\/\/rolf-tschierschky.de\/wp-content\/uploads\/2019\/03\/1059-768x1005.jpg 768w, https:\/\/rolf-tschierschky.de\/wp-content\/uploads\/2019\/03\/1059.jpg 1077w\" sizes=\"(max-width: 783px) 100vw, 783px\" \/><\/a><figcaption>Radfahrer<br>(Offenburg, 1963)<\/figcaption><\/figure><\/li><li class=\"blocks-gallery-item\"><figure><a href=\"http:\/\/rolf-tschierschky.de\/wp-content\/uploads\/2019\/03\/0130-734x1024.jpg\"><img loading=\"lazy\" width=\"734\" height=\"1024\" src=\"http:\/\/rolf-tschierschky.de\/wp-content\/uploads\/2019\/03\/0130-734x1024.jpg\" alt=\"\" data-id=\"864\" data-link=\"http:\/\/rolf-tschierschky.de\/?attachment_id=864\" class=\"wp-image-864\" srcset=\"https:\/\/rolf-tschierschky.de\/wp-content\/uploads\/2019\/03\/0130-734x1024.jpg 734w, https:\/\/rolf-tschierschky.de\/wp-content\/uploads\/2019\/03\/0130-215x300.jpg 215w, https:\/\/rolf-tschierschky.de\/wp-content\/uploads\/2019\/03\/0130-768x1072.jpg 768w, https:\/\/rolf-tschierschky.de\/wp-content\/uploads\/2019\/03\/0130.jpg 1005w\" sizes=\"(max-width: 734px) 100vw, 734px\" \/><\/a><figcaption>An Hiltrud K\u00f6ring gedacht<br>(Mengeringhausen, 1973)<\/figcaption><\/figure><\/li><li class=\"blocks-gallery-item\"><figure><a href=\"http:\/\/rolf-tschierschky.de\/wp-content\/uploads\/2019\/03\/1383-895x1024.jpg\"><img loading=\"lazy\" width=\"895\" height=\"1024\" src=\"http:\/\/rolf-tschierschky.de\/wp-content\/uploads\/2019\/03\/1383-895x1024.jpg\" alt=\"\" data-id=\"877\" data-link=\"http:\/\/rolf-tschierschky.de\/?attachment_id=877\" class=\"wp-image-877\" srcset=\"https:\/\/rolf-tschierschky.de\/wp-content\/uploads\/2019\/03\/1383-895x1024.jpg 895w, https:\/\/rolf-tschierschky.de\/wp-content\/uploads\/2019\/03\/1383-262x300.jpg 262w, https:\/\/rolf-tschierschky.de\/wp-content\/uploads\/2019\/03\/1383-768x879.jpg 768w, https:\/\/rolf-tschierschky.de\/wp-content\/uploads\/2019\/03\/1383.jpg 1142w\" sizes=\"(max-width: 895px) 100vw, 895px\" \/><\/a><figcaption>Unbekannte Frau<br>(Datum und Ort unbekannt)<\/figcaption><\/figure><\/li><\/ul>","protected":false},"excerpt":{"rendered":"<p>Kaum zwei der insgesamt einundf\u00fcnfzig Portr\u00e4ts sind in der gleichen Technik gemalt. Ob \u00d6lmalerei, Tachismus, Collage oder Bleistift, es kommt die ganze Palette von Rolf Tschierschkys handwerklichem K\u00f6nnen und Einfallsreichtum zur Geltung. Die Technik und der Stil werden als charakterisierende Hilfsmittel verwendet, um die darzustellende Pers\u00f6nlichkeit abzubilden. So erz\u00e4hlt jedes Portr\u00e4t eine ganz eigene Geschichte, &hellip; <a href=\"https:\/\/rolf-tschierschky.de\/en\/portraets\/\" class=\"more-link\">Continue reading <span class=\"screen-reader-text\">Portraits<\/span> <span class=\"meta-nav\">&rarr;<\/span><\/a><\/p>","protected":false},"author":1,"featured_media":0,"parent":0,"menu_order":0,"comment_status":"closed","ping_status":"closed","template":"","meta":[],"_links":{"self":[{"href":"https:\/\/rolf-tschierschky.de\/en\/wp-json\/wp\/v2\/pages\/863"}],"collection":[{"href":"https:\/\/rolf-tschierschky.de\/en\/wp-json\/wp\/v2\/pages"}],"about":[{"href":"https:\/\/rolf-tschierschky.de\/en\/wp-json\/wp\/v2\/types\/page"}],"author":[{"embeddable":true,"href":"https:\/\/rolf-tschierschky.de\/en\/wp-json\/wp\/v2\/users\/1"}],"replies":[{"embeddable":true,"href":"https:\/\/rolf-tschierschky.de\/en\/wp-json\/wp\/v2\/comments?post=863"}],"version-history":[{"count":9,"href":"https:\/\/rolf-tschierschky.de\/en\/wp-json\/wp\/v2\/pages\/863\/revisions"}],"predecessor-version":[{"id":1151,"href":"https:\/\/rolf-tschierschky.de\/en\/wp-json\/wp\/v2\/pages\/863\/revisions\/1151"}],"wp:attachment":[{"href":"https:\/\/rolf-tschierschky.de\/en\/wp-json\/wp\/v2\/media?parent=863"}],"curies":[{"name":"wp","href":"https:\/\/api.w.org\/{rel}","templated":true}]}}