{"id":970,"date":"2019-04-06T17:21:11","date_gmt":"2019-04-06T17:21:11","guid":{"rendered":"http:\/\/rolf-tschierschky.de\/?page_id=970"},"modified":"2019-07-01T17:35:56","modified_gmt":"2019-07-01T17:35:56","slug":"stile-und-einfluesse","status":"publish","type":"page","link":"https:\/\/rolf-tschierschky.de\/en\/stile-und-einfluesse\/","title":{"rendered":"Styles and Influences"},"content":{"rendered":"<p class=\"has-drop-cap\">An exemplary feature of Rolf Tschierschky\u2019s work is how he simultaneously absorbed all the trends of his century and expressed them artistically. He has acknowledged some artists who were role models and inspiration for his own work, including Max Beckmann in the 1950\u2019s, and later Paul C\u00e9zanne. However in reality, it is possible to discover numerous \u201cintellectual and creative\u201d fathers in Tschierschky\u2019s own creations. His pieces are comparable to a prism refracting across all the artistic streams, styles and techniques of the 20th century before fusing into a new artistic entity. He has rarely, though, consciously reflected on this process, as for him, his own imagination was always his most important source of inspiration.\nAs Tschierschky put it, the images and ideas for his works seemed to appear to him unbidden \u2013 as if indeed, they had wills of their own. According to him, these \u201cvisitations\u201d happened especially at night, when in the darkness, they would arise from the depths of his unconscious. All similarities with the works of his contemporaries were secondary, as Tschierschky\u2019s aim was to free himself from the inner pictures, and not lay claim to having an \u201cown style\u201d. There were times when he worked at breathtaking speed and would fast-track multiple paintings per day, slapping paint in thick layers down upon canvas or a piece of paper and then smearing the colours with a painter\u2019s spatula.<\/p>\n\n\n<h4 id=\"mce_20\" class=\"editor-rich-text__tinymce mce-content-body\" role=\"textbox\" contenteditable=\"true\" aria-label=\"Schreibe \u00dcberschrift\u2026\" aria-autocomplete=\"list\" aria-multiline=\"true\" data-is-placeholder-visible=\"false\">Variety of media<\/h4>\n<p>His painting techniques, materials, subjects and formats are incredibly diverse. Rolf Tschierschky painted with 37 different media that range over acrylic, watercolours, lead pencil, wax crayon, charcoal, gold bronze and printing ink. Not even shoe polish as a creative media could daunt him. Tschierschky dabbed, smeared, spread, and even flung paint on hardboard, carton, chipboard, plus photo, normal, coated, glossy, and transparent paper types, beer coasters, foils, Japanese and copperplate printing paper, canvas, grid foil, silk, newspaper, and film stock.<\/p>\n<h4 id=\"mce_18\" class=\"editor-rich-text__tinymce mce-content-body\" role=\"textbox\" contenteditable=\"true\" aria-label=\"Schreibe \u00dcberschrift\u2026\" aria-autocomplete=\"list\" aria-multiline=\"true\" data-is-placeholder-visible=\"false\">Portraits<\/h4>\n<p>Tschierschky painted a total of 51 portraits and almost every single one of them features a different technique. Whether he chose oil paints, tachisme, collage or pencil, these works demonstrate and highlight the entire palette of his artisanship and ingenuity. He implemented technique and style as characterizing aides in order to depict the subject\u2019s personality. In this way, each portrait tells its own unique story. Portrait viewers can connect and understand its tale even if they do not know the person being portrayed in the painted story.<\/p>\n<p><em>Visit the galleries:<\/em><\/p>\n<p><em><a href=\"https:\/\/rolf-tschierschky.de\/en\/selbstportraets\/\">Self Portraits<\/a> \u2022 <a href=\"https:\/\/rolf-tschierschky.de\/en\/familie\/\">Family Paintings<\/a> \u2022 <a href=\"https:\/\/rolf-tschierschky.de\/en\/zeitgenossen\/\">Contemporaries<\/a> \u2022 <a href=\"https:\/\/rolf-tschierschky.de\/en\/karikaturen\/\">Caricatures<\/a><\/em><\/p>\n<h4 id=\"mce_12\" class=\"editor-rich-text__tinymce mce-content-body\" role=\"textbox\" contenteditable=\"true\" aria-label=\"Schreibe \u00dcberschrift\u2026\" aria-autocomplete=\"list\" aria-multiline=\"true\" data-is-placeholder-visible=\"false\">Set and Scenery Designs<\/h4>\n<p>Rolf Tschierschky\u2019s work as a set designer occurred mainly in the six years between 1954 and 1960. During this time, he was employed at state-supported theatres in Kassel, Hamburg, Braunschweig and Offenburg. All in all, he produced 158 set designs and 70 costume sketches for about 30 productions.<br \/>Right after completing his studies, Tschierschky was offered his first position at the Staatstheater Kassel. This is the same public theatre which had sponsored the set design competition Tschierschky had just won. Between 1954 and 1956, he participated in 14 productions there in contemporary plays, such as<a href=\"https:\/\/rolf-tschierschky.de\/en\/jean-anouhil-eurydike\/\">\"Eurydike\"<\/a>by Jean Anouilh, and classics like Mozart\u2019s<a href=\"https:\/\/rolf-tschierschky.de\/en\/w-a-mozart-die-zauberfloete\/\">\"The Magic Flute\"<\/a>\u201c.<\/p>\n<p><em>Visit the gallery \"<a href=\"https:\/\/rolf-tschierschky.de\/en\/buehnenbilder\/\">Set and Scenery Designs<\/a>\u201c<\/em><\/p>\n<h4>Frankfurt<\/h4>\n<p>Rolf Tschierschky created the majority of his artistic works that feature the city of Frankfurt as their motif after his return from war captivity in 1947. Many of these paintings awaken impressions of a still intact city, such as his 1952 aquarelle Mainansicht (View to the Main River). He does not depict the outer reality of a city severely damaged by war, but rather its essence, which is comparable to the artist\u2019s own soul. Although Tschierschky\u2019s had been tormented by his wartime experiences, his inner core remained whole and grounded in his heartfelt Christian beliefs.<\/p>\n<h6>Der &#8220;Blick aus dem Fenster&#8221;<\/h6>\n<p>Using a style that calls Beckmann to mind, Tschierschky presents in this painting a fictional compilation of various panoramas of Frankfurt and thus, condenses his memories of the city of his birth.<\/p>\n<p>Visit the galleries:<\/p>\n<p><a href=\"https:\/\/rolf-tschierschky.de\/en\/frankfurt\/\"><em>Frankfurt<\/em><\/a><em> \u2022 <a href=\"https:\/\/rolf-tschierschky.de\/en\/frankfurter-bild-2\/\">Frankfurt painting <\/a><\/em><\/p>\n<p>\u00a0<\/p>\n<h4>Landscapes<\/h4>\n<p>Rolf Tschierschky was extremely adept at depicting light and colours that were enchantingly transparent. This particular ability of his allows viewers of his landscapes to soak in the light-flooded and vibrant atmosphere. In this manner, his quickly created sketch of the <a href=\"http:\/\/rolf-tschierschky.de\/wp-content\/uploads\/2019\/03\/0581.jpg\">Akropolis in Athen<\/a> uses the simplest means to portray the typical light of the Mediterranean: Empty space and dark surfaces convey the glaring sunlight and harsh shadows.<br \/>Just as in all of Rolf Tschierschky\u2019s works, his landscapes cover the entire spectrum between fiction and reality, subjective sensitivities and exact photo-optical replication. These works demonstrate a fluent shift to the more fantastical subject.<\/p>\n<p><em>Visit the gallery \"<a href=\"https:\/\/rolf-tschierschky.de\/en\/landschaften\/\">Landscapes<\/a>\u201c<\/em><\/p>\n<h4>Fantastical<\/h4>\n<p>\u201cIndependent paintings\u201d is a good description for these works which comprise the largest single element in Rolf Tschierschky\u2019s body of work and form the core of his artistic expression. This is why here \u2013 and in the <a href=\"https:\/\/rolf-tschierschky.de\/en\/bildband-rolf-tschierschky\/\">book<\/a> \u2013 they receive the broadest presentation.<br \/>In order to help make this extensive gallery of fantastical works more user-friendly, the paintings are grouped here according to the decade of their creation.<\/p>\n<p><em>Visit the \"fantastic\" galleries:<\/em><\/p>\n<ul>\n<li><em><a href=\"https:\/\/rolf-tschierschky.de\/en\/1943-49\/\">1947-49<\/a><\/em><\/li>\n<li><em><a href=\"https:\/\/rolf-tschierschky.de\/en\/1950-59\/\">1950-59<\/a><\/em><\/li>\n<li><em><a href=\"https:\/\/rolf-tschierschky.de\/en\/1960-69\/\">1960-69<\/a><\/em><\/li>\n<li><em><a href=\"https:\/\/rolf-tschierschky.de\/en\/1970-79\/\">1970-79<\/a><\/em><\/li>\n<li><em><a href=\"https:\/\/rolf-tschierschky.de\/en\/1980-89\/\">1980-89<\/a><\/em><\/li>\n<li><em><a href=\"https:\/\/rolf-tschierschky.de\/en\/1990-99\/\">1990-2004<\/a><\/em><\/li>\n<\/ul>\n<h4 id=\"mce_17\" class=\"editor-rich-text__tinymce mce-content-body\" role=\"textbox\" contenteditable=\"true\" aria-label=\"Schreibe \u00dcberschrift\u2026\" aria-autocomplete=\"list\" aria-multiline=\"true\" data-is-placeholder-visible=\"false\">Objects and Installations<\/h4>\n<p>Although objects do represent the smallest group of pieces in Rolf Tschierschky\u2019s entire range of artistic production, one could also say that he nevertheless invested the greatest amount of energy in these creations. It was not until the end of the 1980s as he was beginning his eighth decade of life that he began to design larger, three-dimensional objects. It almost seems as if he had explored the 2D world of lines and surfaces sufficiently and something was compelling him towards the realm of the tangible and overwhelming.\nOnce an idea had taken hold of him, he would often spend several years working it out and elaborating it. He sketched studies, made models, wrote reams of explanations and funding applications in order to acquire the means to realize these visions. That the chances of receiving financial backing were very slight did not concern him very much. He also was not worried that most of this work had not been commissioned.<br \/>Although to date not one of the designs has yet to be realized, these objects are fully-fledged and developed works of art just the way they are, as drafts and designs also have their own intrinsic artistic and technical value. All projects are realizable and topically relevant today. They not only illustrate Rolf Tschierschky\u2019s art, but also his political, spiritual and emotional dimensions.<\/p>\n<p><em>Visit the gallery \"<a href=\"https:\/\/rolf-tschierschky.de\/en\/objekte\/\">Objects and Installations<\/a>\u201c<\/em><\/p>\n<h4>Still Lifes<\/h4>\n<p>Die Abbildung unbelebter Gegenst\u00e4nde hat Rolf Tschierschky nie sonderlich interessiert. Lediglich ein einziges Bild war f\u00fcr ihn zentraler Bedeutung, und er hat es bei zahllosen Gelegenheiten erl\u00e4utert: Das 1951 entstandene \u201e<a href=\"http:\/\/rolf-tschierschky.de\/wp-content\/uploads\/2019\/03\/1475.jpg\">Stillleben mit Krug (Still life with a jug)<\/a>he symbolically represented his family in the form of a jug and a plate with two pieces of fruit atop it. The jug represents the mother, which Carl Gustav Jung had already denoted as being an archetypical symbol for the maternal and feminine.<br \/>The two pieces of fruit \u2013 a pear and an apple \u2013 embody Rolf Tschierschky\u2019s siblings. The apple represents his sister Rosemarie, while the pear denotes his brother, G\u00fcnter. His youngest brother, Fredi, is not represented, as he had fallen during the war. Rolf himself appears in the form of the plate. As the fruits\u2019 container, it symbolizes the responsibility he had of keeping the family together after the death of his father.<\/p>\n<p><em>Visit the gallery \"<a href=\"https:\/\/rolf-tschierschky.de\/en\/stillleben\/\">Still Lifes<\/a>\u201c<\/em><\/p>\n<h4>Advertising, Technology, Billboards and Posters<\/h4>\n<p>One of Rolf Tschierschky\u2019s most challenging tasks was to draw graduations on measuring instruments by hand. This precision work in tenths of millimetres required a keen eye and a very steady hand. In our digital age, this is barely imaginable. Back then, though, Tschierschky made a game out of creating pictures in the tiniest of formats. The drawing no. 646<a href=\"http:\/\/rolf-tschierschky.de\/wp-content\/uploads\/2019\/04\/0646.jpg\">\"Arbeitsplatz bei Hartmann &amp; Braun\" (Workplace at Hartmann &amp; Braun)<\/a>measures a mere 5.5 square centimetres!<\/p>\n<p>In 1960, he joined the company of Fritz Borsi in Offenburg, which specialized in outdoor advertising. While employed there, Tschierschky created advertising media and photorealistic depictions of a wide variety of products. Furthermore, throughout his life as an artist, he crafted among many other things, campaign posters, advertising signs, stickers and album covers.<\/p>\n<p><em>Visit the gallery \"<a href=\"https:\/\/rolf-tschierschky.de\/en\/werbung-technik-und-plakate\/\">Advertising, Technology, Billboards and Posters<\/a>\u201c<\/em><\/p>\n<h4>Religious Works<\/h4>\n<p>Throughout his life, Rolf Tschierschky has engaged intensively with the metaphysical. He deeply examined and explored events and people from the Bible. From its New Testament, he focussed above all on the Passion of Christ and the letters from the Apostle Paul. Personally, he found comfort and support in the words of Jesus and Paul\u2019s interpretation of them.<br \/>It cannot be denied that that Tschierschky also had a bit of the missionary in him. Every now and then, he hinted at how he viewed himself in the role of a spiritual teacher who spoke to people through his art and explained to them the processes going on in their unconscious minds.<\/p>\n<p><em>Visit the gallery \"<a href=\"https:\/\/rolf-tschierschky.de\/en\/religioese-werke-2\/\">Religious Works<\/a>\u201c<\/em><\/p>","protected":false},"excerpt":{"rendered":"<p>Es ist typisch f\u00fcr Rolf Tschierschky, alle Str\u00f6mungen seines Jahrhunderts gleichsam aufzusaugen und bildnerisch zu verarbeiten. Zwar nennt er einige Vorbilder, an die er sich bewusst angelehnt habe \u2013 Max Beckmann in den f\u00fcnfziger Jahren, sp\u00e4ter auch C\u00e9zanne \u2013 doch in Wirklichkeit lassen sich unz\u00e4hlige \u201egeistige V\u00e4ter\u201c in Rolf Tschierschkys Werken entdecken. Vergleichbar einem Prisma &hellip; <a href=\"https:\/\/rolf-tschierschky.de\/en\/stile-und-einfluesse\/\" class=\"more-link\">Continue reading <span class=\"screen-reader-text\">Styles and Influences<\/span> <span class=\"meta-nav\">&rarr;<\/span><\/a><\/p>","protected":false},"author":1,"featured_media":0,"parent":0,"menu_order":0,"comment_status":"closed","ping_status":"closed","template":"","meta":[],"_links":{"self":[{"href":"https:\/\/rolf-tschierschky.de\/en\/wp-json\/wp\/v2\/pages\/970"}],"collection":[{"href":"https:\/\/rolf-tschierschky.de\/en\/wp-json\/wp\/v2\/pages"}],"about":[{"href":"https:\/\/rolf-tschierschky.de\/en\/wp-json\/wp\/v2\/types\/page"}],"author":[{"embeddable":true,"href":"https:\/\/rolf-tschierschky.de\/en\/wp-json\/wp\/v2\/users\/1"}],"replies":[{"embeddable":true,"href":"https:\/\/rolf-tschierschky.de\/en\/wp-json\/wp\/v2\/comments?post=970"}],"version-history":[{"count":48,"href":"https:\/\/rolf-tschierschky.de\/en\/wp-json\/wp\/v2\/pages\/970\/revisions"}],"predecessor-version":[{"id":1252,"href":"https:\/\/rolf-tschierschky.de\/en\/wp-json\/wp\/v2\/pages\/970\/revisions\/1252"}],"wp:attachment":[{"href":"https:\/\/rolf-tschierschky.de\/en\/wp-json\/wp\/v2\/media?parent=970"}],"curies":[{"name":"wp","href":"https:\/\/api.w.org\/{rel}","templated":true}]}}