{"id":986,"date":"2019-04-06T17:56:35","date_gmt":"2019-04-06T17:56:35","guid":{"rendered":"http:\/\/rolf-tschierschky.de\/?page_id=986"},"modified":"2023-08-27T21:55:06","modified_gmt":"2023-08-27T21:55:06","slug":"bildband-rolf-tschierschky","status":"publish","type":"page","link":"https:\/\/rolf-tschierschky.de\/en\/bildband-rolf-tschierschky\/","title":{"rendered":"Bildband &#8220;Ein Maler des Fantastischen&#8221;"},"content":{"rendered":"<p>Die Vorarbeiten zu diesem Buch fanden in den Jahren 2003 und 2004 statt. An insgesamt vierzig Tagen hat Sven Hinz zusammen mit seinem Gro\u00dfvater das gesamte Werk fotografiert, vermessen und registriert. Auf diese Weise entstand eine umfassende Datensammlung, welche 1.700 Werkfotografien und Informationen zu jedem Bild, wie Entstehungsort und -datum, Maltechnik und Bildgattung, enth\u00e4lt. Auch zu den Umst\u00e4nden ihres Entstehens gab sein Gro\u00dfvater Auskunft, so gut es seine Erinnerung erlaubte.<\/p>\n\n\n\n<p>Anhand dieser Dokumentation  hat Hinz  eine Auswahl von 150 Bildern getroffen und zu diesem Kunstband zusammengestellt. Anl\u00e4sslich des 100. Geburtstags des K\u00fcnstlers im Juli 2023 erschien eine \u00fcberarbeitete und erg\u00e4nzte Neuauflage.<\/p>\n\n\n\n<figure class=\"wp-block-image size-large\"><a href=\"https:\/\/www.bod.de\/buchshop\/ein-maler-des-fantastischen-sven-hinz-9783949105043\"><img loading=\"lazy\" width=\"1024\" height=\"732\" src=\"http:\/\/rolf-tschierschky.de\/wp-content\/uploads\/2023\/08\/Cover-RT-1024x732.jpg\" alt=\"\" class=\"wp-image-1268\" srcset=\"https:\/\/rolf-tschierschky.de\/wp-content\/uploads\/2023\/08\/Cover-RT-1024x732.jpg 1024w, https:\/\/rolf-tschierschky.de\/wp-content\/uploads\/2023\/08\/Cover-RT-300x214.jpg 300w, https:\/\/rolf-tschierschky.de\/wp-content\/uploads\/2023\/08\/Cover-RT-768x549.jpg 768w, https:\/\/rolf-tschierschky.de\/wp-content\/uploads\/2023\/08\/Cover-RT-1536x1097.jpg 1536w, https:\/\/rolf-tschierschky.de\/wp-content\/uploads\/2023\/08\/Cover-RT-2048x1463.jpg 2048w, https:\/\/rolf-tschierschky.de\/wp-content\/uploads\/2023\/08\/Cover-RT-18x12.jpg 18w\" sizes=\"(max-width: 1024px) 100vw, 1024px\" \/><\/a><\/figure>\n\n\n\n<p>ISBN 978-3-9491050-4-3<br>272 Seiten<br><strong>\u20ac 45,99<\/strong><\/p>","protected":false},"excerpt":{"rendered":"<p>Die Vorarbeiten zu diesem Buch fanden in den Jahren 2003 und 2004 statt. An insgesamt vierzig Tagen hat Sven Hinz zusammen mit seinem Gro\u00dfvater das gesamte Werk fotografiert, vermessen und registriert. Auf diese Weise entstand eine umfassende Datensammlung, welche 1.700 Werkfotografien und Informationen zu jedem Bild, wie Entstehungsort und -datum, Maltechnik und Bildgattung, enth\u00e4lt. Auch &hellip; <a href=\"https:\/\/rolf-tschierschky.de\/en\/bildband-rolf-tschierschky\/\" class=\"more-link\">Continue reading <span class=\"screen-reader-text\">Bildband &#8220;Ein Maler des Fantastischen&#8221;<\/span> <span class=\"meta-nav\">&rarr;<\/span><\/a><\/p>","protected":false},"author":1,"featured_media":0,"parent":0,"menu_order":0,"comment_status":"closed","ping_status":"closed","template":"","meta":[],"_links":{"self":[{"href":"https:\/\/rolf-tschierschky.de\/en\/wp-json\/wp\/v2\/pages\/986"}],"collection":[{"href":"https:\/\/rolf-tschierschky.de\/en\/wp-json\/wp\/v2\/pages"}],"about":[{"href":"https:\/\/rolf-tschierschky.de\/en\/wp-json\/wp\/v2\/types\/page"}],"author":[{"embeddable":true,"href":"https:\/\/rolf-tschierschky.de\/en\/wp-json\/wp\/v2\/users\/1"}],"replies":[{"embeddable":true,"href":"https:\/\/rolf-tschierschky.de\/en\/wp-json\/wp\/v2\/comments?post=986"}],"version-history":[{"count":12,"href":"https:\/\/rolf-tschierschky.de\/en\/wp-json\/wp\/v2\/pages\/986\/revisions"}],"predecessor-version":[{"id":1274,"href":"https:\/\/rolf-tschierschky.de\/en\/wp-json\/wp\/v2\/pages\/986\/revisions\/1274"}],"wp:attachment":[{"href":"https:\/\/rolf-tschierschky.de\/en\/wp-json\/wp\/v2\/media?parent=986"}],"curies":[{"name":"wp","href":"https:\/\/api.w.org\/{rel}","templated":true}]}}